{"id":8654,"date":"2020-10-06T19:06:45","date_gmt":"2020-10-06T19:06:45","guid":{"rendered":"http:\/\/pepitta.odnet.com.br\/index.php\/product\/pulseira-de-madreperola-e-cornalina-brinco-gota-perola\/"},"modified":"2020-10-06T19:18:35","modified_gmt":"2020-10-06T19:18:35","slug":"pulseira-de-madreperola-e-cornalina-brinco-gota-perola","status":"publish","type":"product","link":"http:\/\/pepitta.odnet.com.br\/index.php\/product\/pulseira-de-madreperola-e-cornalina-brinco-gota-perola\/","title":{"rendered":"Pulseira de Madrep\u00e9rola e Cornalina &#8211; Brinco gota p\u00e9rola"},"content":{"rendered":"<p><span style=\"color: #050505;font-family: 'Segoe UI Historic', 'Segoe UI', Helvetica, Arial, sans-serif;font-size: 15px\">Pulseira de Madrep\u00e9rola e Cornalina, Brinco gota p\u00e9rola.<\/span><br style=\"color: #050505;font-family: 'Segoe UI Historic', 'Segoe UI', Helvetica, Arial, sans-serif;font-size: 15px\" \/><span style=\"color: #050505;font-family: 'Segoe UI Historic', 'Segoe UI', Helvetica, Arial, sans-serif;font-size: 15px\">A Cornalina atrai a boa sorte e auxilia na solu\u00e7\u00e3o de d\u00favidas, porque nos ajuda a realizar escolhas acertadas.<\/span><br style=\"color: #050505;font-family: 'Segoe UI Historic', 'Segoe UI', Helvetica, Arial, sans-serif;font-size: 15px\" \/><span style=\"color: #050505;font-family: 'Segoe UI Historic', 'Segoe UI', Helvetica, Arial, sans-serif;font-size: 15px\">E a Madrep\u00e9rola estar associada ao dinheiro, pode-se usar a madrep\u00e9rola para atrair dinheiro, riquezas e prosperidade.<\/span><\/p>\n<p><span style=\"color: #050505;font-family: 'Segoe UI Historic', 'Segoe UI', Helvetica, Arial, sans-serif;font-size: 15px\">Signos: \u00c1ries<\/span><\/p>\n","protected":false},"excerpt":{"rendered":"<p>Pulseira de Madrep\u00e9rola e Cornalina, Brinco gota p\u00e9rola.A Cornalina atrai a boa sorte e auxilia na solu\u00e7\u00e3o de d\u00favidas, porque nos ajuda a realizar escolhas acertadas.E a Madrep\u00e9rola estar associada ao dinheiro, pode-se usar a madrep\u00e9rola para atrair dinheiro, riquezas e prosperidade. Signos: \u00c1ries<\/p>\n","protected":false},"featured_media":8658,"comment_status":"open","ping_status":"closed","template":"","meta":[],"yoast_head":"<!-- This site is optimized with the Yoast SEO plugin v15.0 - https:\/\/yoast.com\/wordpress\/plugins\/seo\/ -->\n<title>Pulseira de Madrep\u00e9rola e Cornalina - Brinco gota p\u00e9rola - Pepitta Store<\/title>\n<meta name=\"robots\" content=\"index, follow, max-snippet:-1, max-image-preview:large, max-video-preview:-1\" \/>\n<link rel=\"canonical\" href=\"http:\/\/pepitta.odnet.com.br\/index.php\/product\/pulseira-de-madreperola-e-cornalina-brinco-gota-perola\/\" \/>\n<meta property=\"og:locale\" content=\"pt_BR\" \/>\n<meta property=\"og:type\" content=\"article\" \/>\n<meta property=\"og:title\" content=\"Pulseira de Madrep\u00e9rola e Cornalina - Brinco gota p\u00e9rola - Pepitta Store\" \/>\n<meta property=\"og:description\" content=\"Pulseira de Madrep\u00e9rola e Cornalina, Brinco gota p\u00e9rola.A Cornalina atrai a boa sorte e auxilia na solu\u00e7\u00e3o de d\u00favidas, porque nos ajuda a realizar escolhas acertadas.E a Madrep\u00e9rola estar associada ao dinheiro, pode-se usar a madrep\u00e9rola para atrair dinheiro, riquezas e prosperidade. Signos: \u00c1ries\" \/>\n<meta property=\"og:url\" content=\"http:\/\/pepitta.odnet.com.br\/index.php\/product\/pulseira-de-madreperola-e-cornalina-brinco-gota-perola\/\" \/>\n<meta property=\"og:site_name\" content=\"Pepitta Store\" \/>\n<meta property=\"article:modified_time\" content=\"2020-10-06T19:18:35+00:00\" \/>\n<meta property=\"og:image\" content=\"http:\/\/pepitta.odnet.com.br\/wp-content\/uploads\/2020\/10\/b6797b6b14259dc4be2ac60daaeead9f-1.jpg\" \/>\n\t<meta property=\"og:image:width\" content=\"940\" \/>\n\t<meta property=\"og:image:height\" content=\"788\" \/>\n<meta name=\"twitter:card\" content=\"summary_large_image\" \/>\n<script type=\"application\/ld+json\" class=\"yoast-schema-graph\">{\"@context\":\"https:\/\/schema.org\",\"@graph\":[{\"@type\":\"WebSite\",\"@id\":\"http:\/\/pepitta.odnet.com.br\/#website\",\"url\":\"http:\/\/pepitta.odnet.com.br\/\",\"name\":\"Pepitta Store\",\"description\":\"O Poder das Pedras\",\"potentialAction\":[{\"@type\":\"SearchAction\",\"target\":\"http:\/\/pepitta.odnet.com.br\/?s={search_term_string}\",\"query-input\":\"required name=search_term_string\"}],\"inLanguage\":\"pt-BR\"},{\"@type\":\"ImageObject\",\"@id\":\"http:\/\/pepitta.odnet.com.br\/index.php\/product\/pulseira-de-madreperola-e-cornalina-brinco-gota-perola\/#primaryimage\",\"inLanguage\":\"pt-BR\",\"url\":\"http:\/\/pepitta.odnet.com.br\/wp-content\/uploads\/2020\/10\/b6797b6b14259dc4be2ac60daaeead9f-2.jpg\",\"width\":940,\"height\":788},{\"@type\":\"WebPage\",\"@id\":\"http:\/\/pepitta.odnet.com.br\/index.php\/product\/pulseira-de-madreperola-e-cornalina-brinco-gota-perola\/#webpage\",\"url\":\"http:\/\/pepitta.odnet.com.br\/index.php\/product\/pulseira-de-madreperola-e-cornalina-brinco-gota-perola\/\",\"name\":\"Pulseira de Madrep\\u00e9rola e Cornalina - Brinco gota p\\u00e9rola - Pepitta Store\",\"isPartOf\":{\"@id\":\"http:\/\/pepitta.odnet.com.br\/#website\"},\"primaryImageOfPage\":{\"@id\":\"http:\/\/pepitta.odnet.com.br\/index.php\/product\/pulseira-de-madreperola-e-cornalina-brinco-gota-perola\/#primaryimage\"},\"datePublished\":\"2020-10-06T19:06:45+00:00\",\"dateModified\":\"2020-10-06T19:18:35+00:00\",\"inLanguage\":\"pt-BR\",\"potentialAction\":[{\"@type\":\"ReadAction\",\"target\":[\"http:\/\/pepitta.odnet.com.br\/index.php\/product\/pulseira-de-madreperola-e-cornalina-brinco-gota-perola\/\"]}]}]}<\/script>\n<!-- \/ Yoast SEO plugin. -->","_links":{"self":[{"href":"http:\/\/pepitta.odnet.com.br\/index.php\/wp-json\/wp\/v2\/product\/8654"}],"collection":[{"href":"http:\/\/pepitta.odnet.com.br\/index.php\/wp-json\/wp\/v2\/product"}],"about":[{"href":"http:\/\/pepitta.odnet.com.br\/index.php\/wp-json\/wp\/v2\/types\/product"}],"replies":[{"embeddable":true,"href":"http:\/\/pepitta.odnet.com.br\/index.php\/wp-json\/wp\/v2\/comments?post=8654"}],"wp:featuredmedia":[{"embeddable":true,"href":"http:\/\/pepitta.odnet.com.br\/index.php\/wp-json\/wp\/v2\/media\/8658"}],"wp:attachment":[{"href":"http:\/\/pepitta.odnet.com.br\/index.php\/wp-json\/wp\/v2\/media?parent=8654"}],"curies":[{"name":"wp","href":"https:\/\/api.w.org\/{rel}","templated":true}]}}