{"id":8688,"date":"2020-10-07T11:21:13","date_gmt":"2020-10-07T11:21:13","guid":{"rendered":"http:\/\/pepitta.odnet.com.br\/index.php\/product\/pulseira-de-madreperola-e-quartzo-grafitado-anel-obsidiana-facetado\/"},"modified":"2020-10-07T11:21:19","modified_gmt":"2020-10-07T11:21:19","slug":"pulseira-de-madreperola-e-quartzo-grafitado-anel-obsidiana-facetado","status":"publish","type":"product","link":"http:\/\/pepitta.odnet.com.br\/index.php\/product\/pulseira-de-madreperola-e-quartzo-grafitado-anel-obsidiana-facetado\/","title":{"rendered":"Pulseira de Madrep\u00e9rola e Quartzo Grafitado &#8211; Anel Obsidiana facetado"},"content":{"rendered":"<p><span style=\"color: #050505;font-family: 'Segoe UI Historic', 'Segoe UI', Helvetica, Arial, sans-serif;font-size: 15px\">Pulseira de Madrep\u00e9rola e Quartzo Grafitado, anel Obsidiana.<\/span><br style=\"color: #050505;font-family: 'Segoe UI Historic', 'Segoe UI', Helvetica, Arial, sans-serif;font-size: 15px\" \/><span style=\"color: #050505;font-family: 'Segoe UI Historic', 'Segoe UI', Helvetica, Arial, sans-serif;font-size: 15px\">Quartzo Grafitado equilibra as energias yin \/ yang. Harmoniza elementos opostos e as polaridades, e transforma os pensamentos negativos em positivos.<\/span><br style=\"color: #050505;font-family: 'Segoe UI Historic', 'Segoe UI', Helvetica, Arial, sans-serif;font-size: 15px\" \/><span style=\"color: #050505;font-family: 'Segoe UI Historic', 'Segoe UI', Helvetica, Arial, sans-serif;font-size: 15px\">Obsidiana ajuda a limpar e a remover as energias negativas e auxilia na libera\u00e7\u00e3o das emo\u00e7\u00f5es como raiva, medo, inveja e gan\u00e2ncia.<\/span><br style=\"color: #050505;font-family: 'Segoe UI Historic', 'Segoe UI', Helvetica, Arial, sans-serif;font-size: 15px\" \/><span style=\"color: #050505;font-family: 'Segoe UI Historic', 'Segoe UI', Helvetica, Arial, sans-serif;font-size: 15px\">E a Madrep\u00e9rola estar associada ao dinheiro, pode-se usar a madrep\u00e9rola para atrair dinheiro, riquezas e prosperidade.<\/span><\/p>\n","protected":false},"excerpt":{"rendered":"<p>Pulseira de Madrep\u00e9rola e Quartzo Grafitado, anel Obsidiana.Quartzo Grafitado equilibra as energias yin \/ yang. Harmoniza elementos opostos e as polaridades, e transforma os pensamentos negativos em positivos.Obsidiana ajuda a limpar e a remover as energias negativas e auxilia na libera\u00e7\u00e3o das emo\u00e7\u00f5es como raiva, medo, inveja e gan\u00e2ncia.E a Madrep\u00e9rola estar associada ao dinheiro,&hellip; <a class=\"read-more-link\" href=\"http:\/\/pepitta.odnet.com.br\/index.php\/product\/pulseira-de-madreperola-e-quartzo-grafitado-anel-obsidiana-facetado\/\">Read More<\/a><\/p>\n","protected":false},"featured_media":8687,"comment_status":"open","ping_status":"closed","template":"","meta":[],"yoast_head":"<!-- This site is optimized with the Yoast SEO plugin v15.0 - https:\/\/yoast.com\/wordpress\/plugins\/seo\/ -->\n<title>Pulseira de Madrep\u00e9rola e Quartzo Grafitado - Anel Obsidiana facetado - Pepitta Store<\/title>\n<meta name=\"robots\" content=\"index, follow, max-snippet:-1, max-image-preview:large, max-video-preview:-1\" \/>\n<link rel=\"canonical\" href=\"http:\/\/pepitta.odnet.com.br\/index.php\/product\/pulseira-de-madreperola-e-quartzo-grafitado-anel-obsidiana-facetado\/\" \/>\n<meta property=\"og:locale\" content=\"pt_BR\" \/>\n<meta property=\"og:type\" content=\"article\" \/>\n<meta property=\"og:title\" content=\"Pulseira de Madrep\u00e9rola e Quartzo Grafitado - Anel Obsidiana facetado - Pepitta Store\" \/>\n<meta property=\"og:description\" content=\"Pulseira de Madrep\u00e9rola e Quartzo Grafitado, anel Obsidiana.Quartzo Grafitado equilibra as energias yin \/ yang. Harmoniza elementos opostos e as polaridades, e transforma os pensamentos negativos em positivos.Obsidiana ajuda a limpar e a remover as energias negativas e auxilia na libera\u00e7\u00e3o das emo\u00e7\u00f5es como raiva, medo, inveja e gan\u00e2ncia.E a Madrep\u00e9rola estar associada ao dinheiro,&hellip; Read More\" \/>\n<meta property=\"og:url\" content=\"http:\/\/pepitta.odnet.com.br\/index.php\/product\/pulseira-de-madreperola-e-quartzo-grafitado-anel-obsidiana-facetado\/\" \/>\n<meta property=\"og:site_name\" content=\"Pepitta Store\" \/>\n<meta property=\"article:modified_time\" content=\"2020-10-07T11:21:19+00:00\" \/>\n<meta name=\"twitter:card\" content=\"summary_large_image\" \/>\n<script type=\"application\/ld+json\" class=\"yoast-schema-graph\">{\"@context\":\"https:\/\/schema.org\",\"@graph\":[{\"@type\":\"WebSite\",\"@id\":\"http:\/\/pepitta.odnet.com.br\/#website\",\"url\":\"http:\/\/pepitta.odnet.com.br\/\",\"name\":\"Pepitta Store\",\"description\":\"O Poder das Pedras\",\"potentialAction\":[{\"@type\":\"SearchAction\",\"target\":\"http:\/\/pepitta.odnet.com.br\/?s={search_term_string}\",\"query-input\":\"required name=search_term_string\"}],\"inLanguage\":\"pt-BR\"},{\"@type\":\"ImageObject\",\"@id\":\"http:\/\/pepitta.odnet.com.br\/index.php\/product\/pulseira-de-madreperola-e-quartzo-grafitado-anel-obsidiana-facetado\/#primaryimage\",\"inLanguage\":\"pt-BR\",\"url\":\"http:\/\/pepitta.odnet.com.br\/wp-content\/uploads\/2020\/10\/fb55dd1c3fa4c76b9e8586b25f36f6a8.jpg\",\"width\":940,\"height\":788},{\"@type\":\"WebPage\",\"@id\":\"http:\/\/pepitta.odnet.com.br\/index.php\/product\/pulseira-de-madreperola-e-quartzo-grafitado-anel-obsidiana-facetado\/#webpage\",\"url\":\"http:\/\/pepitta.odnet.com.br\/index.php\/product\/pulseira-de-madreperola-e-quartzo-grafitado-anel-obsidiana-facetado\/\",\"name\":\"Pulseira de Madrep\\u00e9rola e Quartzo Grafitado - Anel Obsidiana facetado - Pepitta Store\",\"isPartOf\":{\"@id\":\"http:\/\/pepitta.odnet.com.br\/#website\"},\"primaryImageOfPage\":{\"@id\":\"http:\/\/pepitta.odnet.com.br\/index.php\/product\/pulseira-de-madreperola-e-quartzo-grafitado-anel-obsidiana-facetado\/#primaryimage\"},\"datePublished\":\"2020-10-07T11:21:13+00:00\",\"dateModified\":\"2020-10-07T11:21:19+00:00\",\"inLanguage\":\"pt-BR\",\"potentialAction\":[{\"@type\":\"ReadAction\",\"target\":[\"http:\/\/pepitta.odnet.com.br\/index.php\/product\/pulseira-de-madreperola-e-quartzo-grafitado-anel-obsidiana-facetado\/\"]}]}]}<\/script>\n<!-- \/ Yoast SEO plugin. -->","_links":{"self":[{"href":"http:\/\/pepitta.odnet.com.br\/index.php\/wp-json\/wp\/v2\/product\/8688"}],"collection":[{"href":"http:\/\/pepitta.odnet.com.br\/index.php\/wp-json\/wp\/v2\/product"}],"about":[{"href":"http:\/\/pepitta.odnet.com.br\/index.php\/wp-json\/wp\/v2\/types\/product"}],"replies":[{"embeddable":true,"href":"http:\/\/pepitta.odnet.com.br\/index.php\/wp-json\/wp\/v2\/comments?post=8688"}],"wp:featuredmedia":[{"embeddable":true,"href":"http:\/\/pepitta.odnet.com.br\/index.php\/wp-json\/wp\/v2\/media\/8687"}],"wp:attachment":[{"href":"http:\/\/pepitta.odnet.com.br\/index.php\/wp-json\/wp\/v2\/media?parent=8688"}],"curies":[{"name":"wp","href":"https:\/\/api.w.org\/{rel}","templated":true}]}}