{"id":8701,"date":"2020-10-07T11:22:04","date_gmt":"2020-10-07T11:22:04","guid":{"rendered":"http:\/\/pepitta.odnet.com.br\/index.php\/product\/anel-quartzo-rosa\/"},"modified":"2020-10-07T11:22:15","modified_gmt":"2020-10-07T11:22:15","slug":"anel-quartzo-rosa","status":"publish","type":"product","link":"http:\/\/pepitta.odnet.com.br\/index.php\/product\/anel-quartzo-rosa\/","title":{"rendered":"Anel Quartzo Rosa"},"content":{"rendered":"<p><span style=\"color: #050505;font-family: 'Segoe UI Historic', 'Segoe UI', Helvetica, Arial, sans-serif;font-size: 15px\">Al\u00e9m de impulsionar a vida amorosa, o Quartzo Rosa tamb\u00e9m est\u00e1 relacionado com o amor-pr\u00f3prio. Segundo estudiosos, ele regula as energias emocionais, tem poder calmante e proporciona sensa\u00e7\u00f5es de bem-estar, t\u00e3o necess\u00e1rios para o corre-corre dos dias de hoje.<\/span><\/p>\n","protected":false},"excerpt":{"rendered":"<p>Al\u00e9m de impulsionar a vida amorosa, o Quartzo Rosa tamb\u00e9m est\u00e1 relacionado com o amor-pr\u00f3prio. Segundo estudiosos, ele regula as energias emocionais, tem poder calmante e proporciona sensa\u00e7\u00f5es de bem-estar, t\u00e3o necess\u00e1rios para o corre-corre dos dias de hoje.<\/p>\n","protected":false},"featured_media":8700,"comment_status":"open","ping_status":"closed","template":"","meta":[],"yoast_head":"<!-- This site is optimized with the Yoast SEO plugin v15.0 - https:\/\/yoast.com\/wordpress\/plugins\/seo\/ -->\n<title>Anel Quartzo Rosa - Pepitta Store<\/title>\n<meta name=\"robots\" content=\"index, follow, max-snippet:-1, max-image-preview:large, max-video-preview:-1\" \/>\n<link rel=\"canonical\" href=\"http:\/\/pepitta.odnet.com.br\/index.php\/product\/anel-quartzo-rosa\/\" \/>\n<meta property=\"og:locale\" content=\"pt_BR\" \/>\n<meta property=\"og:type\" content=\"article\" \/>\n<meta property=\"og:title\" content=\"Anel Quartzo Rosa - Pepitta Store\" \/>\n<meta property=\"og:description\" content=\"Al\u00e9m de impulsionar a vida amorosa, o Quartzo Rosa tamb\u00e9m est\u00e1 relacionado com o amor-pr\u00f3prio. Segundo estudiosos, ele regula as energias emocionais, tem poder calmante e proporciona sensa\u00e7\u00f5es de bem-estar, t\u00e3o necess\u00e1rios para o corre-corre dos dias de hoje.\" \/>\n<meta property=\"og:url\" content=\"http:\/\/pepitta.odnet.com.br\/index.php\/product\/anel-quartzo-rosa\/\" \/>\n<meta property=\"og:site_name\" content=\"Pepitta Store\" \/>\n<meta property=\"article:modified_time\" content=\"2020-10-07T11:22:15+00:00\" \/>\n<meta name=\"twitter:card\" content=\"summary_large_image\" \/>\n<script type=\"application\/ld+json\" class=\"yoast-schema-graph\">{\"@context\":\"https:\/\/schema.org\",\"@graph\":[{\"@type\":\"WebSite\",\"@id\":\"http:\/\/pepitta.odnet.com.br\/#website\",\"url\":\"http:\/\/pepitta.odnet.com.br\/\",\"name\":\"Pepitta Store\",\"description\":\"O Poder das Pedras\",\"potentialAction\":[{\"@type\":\"SearchAction\",\"target\":\"http:\/\/pepitta.odnet.com.br\/?s={search_term_string}\",\"query-input\":\"required name=search_term_string\"}],\"inLanguage\":\"pt-BR\"},{\"@type\":\"ImageObject\",\"@id\":\"http:\/\/pepitta.odnet.com.br\/index.php\/product\/anel-quartzo-rosa\/#primaryimage\",\"inLanguage\":\"pt-BR\",\"url\":\"http:\/\/pepitta.odnet.com.br\/wp-content\/uploads\/2020\/10\/0397ab1b4520052bc74493d8ce7d8af1.jpg\",\"width\":940,\"height\":788},{\"@type\":\"WebPage\",\"@id\":\"http:\/\/pepitta.odnet.com.br\/index.php\/product\/anel-quartzo-rosa\/#webpage\",\"url\":\"http:\/\/pepitta.odnet.com.br\/index.php\/product\/anel-quartzo-rosa\/\",\"name\":\"Anel Quartzo Rosa - Pepitta Store\",\"isPartOf\":{\"@id\":\"http:\/\/pepitta.odnet.com.br\/#website\"},\"primaryImageOfPage\":{\"@id\":\"http:\/\/pepitta.odnet.com.br\/index.php\/product\/anel-quartzo-rosa\/#primaryimage\"},\"datePublished\":\"2020-10-07T11:22:04+00:00\",\"dateModified\":\"2020-10-07T11:22:15+00:00\",\"inLanguage\":\"pt-BR\",\"potentialAction\":[{\"@type\":\"ReadAction\",\"target\":[\"http:\/\/pepitta.odnet.com.br\/index.php\/product\/anel-quartzo-rosa\/\"]}]}]}<\/script>\n<!-- \/ Yoast SEO plugin. -->","_links":{"self":[{"href":"http:\/\/pepitta.odnet.com.br\/index.php\/wp-json\/wp\/v2\/product\/8701"}],"collection":[{"href":"http:\/\/pepitta.odnet.com.br\/index.php\/wp-json\/wp\/v2\/product"}],"about":[{"href":"http:\/\/pepitta.odnet.com.br\/index.php\/wp-json\/wp\/v2\/types\/product"}],"replies":[{"embeddable":true,"href":"http:\/\/pepitta.odnet.com.br\/index.php\/wp-json\/wp\/v2\/comments?post=8701"}],"wp:featuredmedia":[{"embeddable":true,"href":"http:\/\/pepitta.odnet.com.br\/index.php\/wp-json\/wp\/v2\/media\/8700"}],"wp:attachment":[{"href":"http:\/\/pepitta.odnet.com.br\/index.php\/wp-json\/wp\/v2\/media?parent=8701"}],"curies":[{"name":"wp","href":"https:\/\/api.w.org\/{rel}","templated":true}]}}