{"id":8706,"date":"2020-10-07T11:22:38","date_gmt":"2020-10-07T11:22:38","guid":{"rendered":"http:\/\/pepitta.odnet.com.br\/index.php\/product\/pulseira-quartzo-rosa-brinco-quartzo-rosa\/"},"modified":"2020-10-07T11:22:51","modified_gmt":"2020-10-07T11:22:51","slug":"pulseira-quartzo-rosa-brinco-quartzo-rosa","status":"publish","type":"product","link":"http:\/\/pepitta.odnet.com.br\/index.php\/product\/pulseira-quartzo-rosa-brinco-quartzo-rosa\/","title":{"rendered":"Pulseira Quartzo Rosa, Brinco Quartzo Rosa"},"content":{"rendered":"<p><span style=\"color: #050505;font-family: 'Segoe UI Historic', 'Segoe UI', Helvetica, Arial, sans-serif;font-size: 15px\">O Quartzo Rosa \u00e9 a pedra mais conhecida como a &#8220;Pedra do Amor&#8221;.<\/span><br style=\"color: #050505;font-family: 'Segoe UI Historic', 'Segoe UI', Helvetica, Arial, sans-serif;font-size: 15px\" \/><span style=\"color: #050505;font-family: 'Segoe UI Historic', 'Segoe UI', Helvetica, Arial, sans-serif;font-size: 15px\">Ajuda a despertar bons sentimentos nas pessoas, inclusive o amor. Com ele v\u00eam junto o sentido de perd\u00e3o de aproxima\u00e7\u00e3o das pessoas, uni\u00e3o e o amor-pr\u00f3prio.<\/span><\/p>\n","protected":false},"excerpt":{"rendered":"<p>O Quartzo Rosa \u00e9 a pedra mais conhecida como a &#8220;Pedra do Amor&#8221;.Ajuda a despertar bons sentimentos nas pessoas, inclusive o amor. Com ele v\u00eam junto o sentido de perd\u00e3o de aproxima\u00e7\u00e3o das pessoas, uni\u00e3o e o amor-pr\u00f3prio.<\/p>\n","protected":false},"featured_media":8705,"comment_status":"open","ping_status":"closed","template":"","meta":[],"yoast_head":"<!-- This site is optimized with the Yoast SEO plugin v15.0 - https:\/\/yoast.com\/wordpress\/plugins\/seo\/ -->\n<title>Pulseira Quartzo Rosa, Brinco Quartzo Rosa - Pepitta Store<\/title>\n<meta name=\"robots\" content=\"index, follow, max-snippet:-1, max-image-preview:large, max-video-preview:-1\" \/>\n<link rel=\"canonical\" href=\"http:\/\/pepitta.odnet.com.br\/index.php\/product\/pulseira-quartzo-rosa-brinco-quartzo-rosa\/\" \/>\n<meta property=\"og:locale\" content=\"pt_BR\" \/>\n<meta property=\"og:type\" content=\"article\" \/>\n<meta property=\"og:title\" content=\"Pulseira Quartzo Rosa, Brinco Quartzo Rosa - Pepitta Store\" \/>\n<meta property=\"og:description\" content=\"O Quartzo Rosa \u00e9 a pedra mais conhecida como a &#8220;Pedra do Amor&#8221;.Ajuda a despertar bons sentimentos nas pessoas, inclusive o amor. Com ele v\u00eam junto o sentido de perd\u00e3o de aproxima\u00e7\u00e3o das pessoas, uni\u00e3o e o amor-pr\u00f3prio.\" \/>\n<meta property=\"og:url\" content=\"http:\/\/pepitta.odnet.com.br\/index.php\/product\/pulseira-quartzo-rosa-brinco-quartzo-rosa\/\" \/>\n<meta property=\"og:site_name\" content=\"Pepitta Store\" \/>\n<meta property=\"article:modified_time\" content=\"2020-10-07T11:22:51+00:00\" \/>\n<meta name=\"twitter:card\" content=\"summary_large_image\" \/>\n<script type=\"application\/ld+json\" class=\"yoast-schema-graph\">{\"@context\":\"https:\/\/schema.org\",\"@graph\":[{\"@type\":\"WebSite\",\"@id\":\"http:\/\/pepitta.odnet.com.br\/#website\",\"url\":\"http:\/\/pepitta.odnet.com.br\/\",\"name\":\"Pepitta Store\",\"description\":\"O Poder das Pedras\",\"potentialAction\":[{\"@type\":\"SearchAction\",\"target\":\"http:\/\/pepitta.odnet.com.br\/?s={search_term_string}\",\"query-input\":\"required name=search_term_string\"}],\"inLanguage\":\"pt-BR\"},{\"@type\":\"ImageObject\",\"@id\":\"http:\/\/pepitta.odnet.com.br\/index.php\/product\/pulseira-quartzo-rosa-brinco-quartzo-rosa\/#primaryimage\",\"inLanguage\":\"pt-BR\",\"url\":\"http:\/\/pepitta.odnet.com.br\/wp-content\/uploads\/2020\/10\/6524a2c3759372bba00c236e0b8f4c6b.jpg\",\"width\":940,\"height\":788},{\"@type\":\"WebPage\",\"@id\":\"http:\/\/pepitta.odnet.com.br\/index.php\/product\/pulseira-quartzo-rosa-brinco-quartzo-rosa\/#webpage\",\"url\":\"http:\/\/pepitta.odnet.com.br\/index.php\/product\/pulseira-quartzo-rosa-brinco-quartzo-rosa\/\",\"name\":\"Pulseira Quartzo Rosa, Brinco Quartzo Rosa - Pepitta Store\",\"isPartOf\":{\"@id\":\"http:\/\/pepitta.odnet.com.br\/#website\"},\"primaryImageOfPage\":{\"@id\":\"http:\/\/pepitta.odnet.com.br\/index.php\/product\/pulseira-quartzo-rosa-brinco-quartzo-rosa\/#primaryimage\"},\"datePublished\":\"2020-10-07T11:22:38+00:00\",\"dateModified\":\"2020-10-07T11:22:51+00:00\",\"inLanguage\":\"pt-BR\",\"potentialAction\":[{\"@type\":\"ReadAction\",\"target\":[\"http:\/\/pepitta.odnet.com.br\/index.php\/product\/pulseira-quartzo-rosa-brinco-quartzo-rosa\/\"]}]}]}<\/script>\n<!-- \/ Yoast SEO plugin. -->","_links":{"self":[{"href":"http:\/\/pepitta.odnet.com.br\/index.php\/wp-json\/wp\/v2\/product\/8706"}],"collection":[{"href":"http:\/\/pepitta.odnet.com.br\/index.php\/wp-json\/wp\/v2\/product"}],"about":[{"href":"http:\/\/pepitta.odnet.com.br\/index.php\/wp-json\/wp\/v2\/types\/product"}],"replies":[{"embeddable":true,"href":"http:\/\/pepitta.odnet.com.br\/index.php\/wp-json\/wp\/v2\/comments?post=8706"}],"wp:featuredmedia":[{"embeddable":true,"href":"http:\/\/pepitta.odnet.com.br\/index.php\/wp-json\/wp\/v2\/media\/8705"}],"wp:attachment":[{"href":"http:\/\/pepitta.odnet.com.br\/index.php\/wp-json\/wp\/v2\/media?parent=8706"}],"curies":[{"name":"wp","href":"https:\/\/api.w.org\/{rel}","templated":true}]}}