{"id":8710,"date":"2020-10-07T11:23:02","date_gmt":"2020-10-07T11:23:02","guid":{"rendered":"http:\/\/pepitta.odnet.com.br\/index.php\/product\/mais-amor\/"},"modified":"2020-10-07T11:23:02","modified_gmt":"2020-10-07T11:23:02","slug":"mais-amor","status":"publish","type":"product","link":"http:\/\/pepitta.odnet.com.br\/index.php\/product\/mais-amor\/","title":{"rendered":"Mais Amor"},"content":{"rendered":"<p><span style=\"color: #050505;font-family: 'Segoe UI Historic', 'Segoe UI', Helvetica, Arial, sans-serif;font-size: 15px\">Malaquita \u2013 purificadora, atrai o amor atrav\u00e9s do cora\u00e7\u00e3o aberto.<\/span><br style=\"color: #050505;font-family: 'Segoe UI Historic', 'Segoe UI', Helvetica, Arial, sans-serif;font-size: 15px\" \/><span style=\"color: #050505;font-family: 'Segoe UI Historic', 'Segoe UI', Helvetica, Arial, sans-serif;font-size: 15px\">Esmeralda \u2013 a pedra do amor bem sucedido.<\/span><br style=\"color: #050505;font-family: 'Segoe UI Historic', 'Segoe UI', Helvetica, Arial, sans-serif;font-size: 15px\" \/><span style=\"color: #050505;font-family: 'Segoe UI Historic', 'Segoe UI', Helvetica, Arial, sans-serif;font-size: 15px\">Quartzo Rosa \u2013 desperta bons sentimentos, inclusive o amor.<\/span><br style=\"color: #050505;font-family: 'Segoe UI Historic', 'Segoe UI', Helvetica, Arial, sans-serif;font-size: 15px\" \/><span style=\"color: #050505;font-family: 'Segoe UI Historic', 'Segoe UI', Helvetica, Arial, sans-serif;font-size: 15px\">Rodocrosita \u2013 aumenta a auto-estima e auto-confian\u00e7a, enquanto trabalha seu amor pr\u00f3prio.<\/span><\/p>\n","protected":false},"excerpt":{"rendered":"<p>Malaquita \u2013 purificadora, atrai o amor atrav\u00e9s do cora\u00e7\u00e3o aberto.Esmeralda \u2013 a pedra do amor bem sucedido.Quartzo Rosa \u2013 desperta bons sentimentos, inclusive o amor.Rodocrosita \u2013 aumenta a auto-estima e auto-confian\u00e7a, enquanto trabalha seu amor pr\u00f3prio.<\/p>\n","protected":false},"featured_media":8709,"comment_status":"open","ping_status":"closed","template":"","meta":[],"yoast_head":"<!-- This site is optimized with the Yoast SEO plugin v15.0 - https:\/\/yoast.com\/wordpress\/plugins\/seo\/ -->\n<title>Mais Amor - Pepitta Store<\/title>\n<meta name=\"robots\" content=\"index, follow, max-snippet:-1, max-image-preview:large, max-video-preview:-1\" \/>\n<link rel=\"canonical\" href=\"http:\/\/pepitta.odnet.com.br\/index.php\/product\/mais-amor\/\" \/>\n<meta property=\"og:locale\" content=\"pt_BR\" \/>\n<meta property=\"og:type\" content=\"article\" \/>\n<meta property=\"og:title\" content=\"Mais Amor - Pepitta Store\" \/>\n<meta property=\"og:description\" content=\"Malaquita \u2013 purificadora, atrai o amor atrav\u00e9s do cora\u00e7\u00e3o aberto.Esmeralda \u2013 a pedra do amor bem sucedido.Quartzo Rosa \u2013 desperta bons sentimentos, inclusive o amor.Rodocrosita \u2013 aumenta a auto-estima e auto-confian\u00e7a, enquanto trabalha seu amor pr\u00f3prio.\" \/>\n<meta property=\"og:url\" content=\"http:\/\/pepitta.odnet.com.br\/index.php\/product\/mais-amor\/\" \/>\n<meta property=\"og:site_name\" content=\"Pepitta Store\" \/>\n<meta name=\"twitter:card\" content=\"summary_large_image\" \/>\n<script type=\"application\/ld+json\" class=\"yoast-schema-graph\">{\"@context\":\"https:\/\/schema.org\",\"@graph\":[{\"@type\":\"WebSite\",\"@id\":\"http:\/\/pepitta.odnet.com.br\/#website\",\"url\":\"http:\/\/pepitta.odnet.com.br\/\",\"name\":\"Pepitta Store\",\"description\":\"O Poder das Pedras\",\"potentialAction\":[{\"@type\":\"SearchAction\",\"target\":\"http:\/\/pepitta.odnet.com.br\/?s={search_term_string}\",\"query-input\":\"required name=search_term_string\"}],\"inLanguage\":\"pt-BR\"},{\"@type\":\"ImageObject\",\"@id\":\"http:\/\/pepitta.odnet.com.br\/index.php\/product\/mais-amor\/#primaryimage\",\"inLanguage\":\"pt-BR\",\"url\":\"http:\/\/pepitta.odnet.com.br\/wp-content\/uploads\/2020\/10\/605fadc62a4cb89e0a306c4a40726524.jpg\",\"width\":940,\"height\":788},{\"@type\":\"WebPage\",\"@id\":\"http:\/\/pepitta.odnet.com.br\/index.php\/product\/mais-amor\/#webpage\",\"url\":\"http:\/\/pepitta.odnet.com.br\/index.php\/product\/mais-amor\/\",\"name\":\"Mais Amor - Pepitta Store\",\"isPartOf\":{\"@id\":\"http:\/\/pepitta.odnet.com.br\/#website\"},\"primaryImageOfPage\":{\"@id\":\"http:\/\/pepitta.odnet.com.br\/index.php\/product\/mais-amor\/#primaryimage\"},\"datePublished\":\"2020-10-07T11:23:02+00:00\",\"dateModified\":\"2020-10-07T11:23:02+00:00\",\"inLanguage\":\"pt-BR\",\"potentialAction\":[{\"@type\":\"ReadAction\",\"target\":[\"http:\/\/pepitta.odnet.com.br\/index.php\/product\/mais-amor\/\"]}]}]}<\/script>\n<!-- \/ Yoast SEO plugin. -->","_links":{"self":[{"href":"http:\/\/pepitta.odnet.com.br\/index.php\/wp-json\/wp\/v2\/product\/8710"}],"collection":[{"href":"http:\/\/pepitta.odnet.com.br\/index.php\/wp-json\/wp\/v2\/product"}],"about":[{"href":"http:\/\/pepitta.odnet.com.br\/index.php\/wp-json\/wp\/v2\/types\/product"}],"replies":[{"embeddable":true,"href":"http:\/\/pepitta.odnet.com.br\/index.php\/wp-json\/wp\/v2\/comments?post=8710"}],"wp:featuredmedia":[{"embeddable":true,"href":"http:\/\/pepitta.odnet.com.br\/index.php\/wp-json\/wp\/v2\/media\/8709"}],"wp:attachment":[{"href":"http:\/\/pepitta.odnet.com.br\/index.php\/wp-json\/wp\/v2\/media?parent=8710"}],"curies":[{"name":"wp","href":"https:\/\/api.w.org\/{rel}","templated":true}]}}