{"id":8718,"date":"2020-10-07T11:24:26","date_gmt":"2020-10-07T11:24:26","guid":{"rendered":"http:\/\/pepitta.odnet.com.br\/index.php\/product\/mais-meditacao\/"},"modified":"2020-10-07T11:24:26","modified_gmt":"2020-10-07T11:24:26","slug":"mais-meditacao","status":"publish","type":"product","link":"http:\/\/pepitta.odnet.com.br\/index.php\/product\/mais-meditacao\/","title":{"rendered":"Mais Medita\u00e7\u00e3o"},"content":{"rendered":"<p><span style=\"color: #050505;font-family: 'Segoe UI Historic', 'Segoe UI', Helvetica, Arial, sans-serif;font-size: 15px\">Serpentinita \u2013 \u00e9 uma pedra terrena, que favorece a medita\u00e7\u00e3o e a explora\u00e7\u00e3o espiritual.<\/span><br style=\"color: #050505;font-family: 'Segoe UI Historic', 'Segoe UI', Helvetica, Arial, sans-serif;font-size: 15px\" \/><span style=\"color: #050505;font-family: 'Segoe UI Historic', 'Segoe UI', Helvetica, Arial, sans-serif;font-size: 15px\">Howlita Azul \u2013 acalma as emo\u00e7\u00f5es conturbadas, a mente e favorece o sono e a medita\u00e7\u00e3o.<\/span><br style=\"color: #050505;font-family: 'Segoe UI Historic', 'Segoe UI', Helvetica, Arial, sans-serif;font-size: 15px\" \/><span style=\"color: #050505;font-family: 'Segoe UI Historic', 'Segoe UI', Helvetica, Arial, sans-serif;font-size: 15px\">Lepidolita \u2013 no campo espiritual, \u00e9 uma pedra excelente para ser usada durante a medita\u00e7\u00e3o e ora\u00e7\u00f5es.<\/span><\/p>\n","protected":false},"excerpt":{"rendered":"<p>Serpentinita \u2013 \u00e9 uma pedra terrena, que favorece a medita\u00e7\u00e3o e a explora\u00e7\u00e3o espiritual.Howlita Azul \u2013 acalma as emo\u00e7\u00f5es conturbadas, a mente e favorece o sono e a medita\u00e7\u00e3o.Lepidolita \u2013 no campo espiritual, \u00e9 uma pedra excelente para ser usada durante a medita\u00e7\u00e3o e ora\u00e7\u00f5es.<\/p>\n","protected":false},"featured_media":8717,"comment_status":"open","ping_status":"closed","template":"","meta":[],"yoast_head":"<!-- This site is optimized with the Yoast SEO plugin v15.0 - https:\/\/yoast.com\/wordpress\/plugins\/seo\/ -->\n<title>Mais Medita\u00e7\u00e3o - Pepitta Store<\/title>\n<meta name=\"robots\" content=\"index, follow, max-snippet:-1, max-image-preview:large, max-video-preview:-1\" \/>\n<link rel=\"canonical\" href=\"http:\/\/pepitta.odnet.com.br\/index.php\/product\/mais-meditacao\/\" \/>\n<meta property=\"og:locale\" content=\"pt_BR\" \/>\n<meta property=\"og:type\" content=\"article\" \/>\n<meta property=\"og:title\" content=\"Mais Medita\u00e7\u00e3o - Pepitta Store\" \/>\n<meta property=\"og:description\" content=\"Serpentinita \u2013 \u00e9 uma pedra terrena, que favorece a medita\u00e7\u00e3o e a explora\u00e7\u00e3o espiritual.Howlita Azul \u2013 acalma as emo\u00e7\u00f5es conturbadas, a mente e favorece o sono e a medita\u00e7\u00e3o.Lepidolita \u2013 no campo espiritual, \u00e9 uma pedra excelente para ser usada durante a medita\u00e7\u00e3o e ora\u00e7\u00f5es.\" \/>\n<meta property=\"og:url\" content=\"http:\/\/pepitta.odnet.com.br\/index.php\/product\/mais-meditacao\/\" \/>\n<meta property=\"og:site_name\" content=\"Pepitta Store\" \/>\n<meta name=\"twitter:card\" content=\"summary_large_image\" \/>\n<script type=\"application\/ld+json\" class=\"yoast-schema-graph\">{\"@context\":\"https:\/\/schema.org\",\"@graph\":[{\"@type\":\"WebSite\",\"@id\":\"http:\/\/pepitta.odnet.com.br\/#website\",\"url\":\"http:\/\/pepitta.odnet.com.br\/\",\"name\":\"Pepitta Store\",\"description\":\"O Poder das Pedras\",\"potentialAction\":[{\"@type\":\"SearchAction\",\"target\":\"http:\/\/pepitta.odnet.com.br\/?s={search_term_string}\",\"query-input\":\"required name=search_term_string\"}],\"inLanguage\":\"pt-BR\"},{\"@type\":\"ImageObject\",\"@id\":\"http:\/\/pepitta.odnet.com.br\/index.php\/product\/mais-meditacao\/#primaryimage\",\"inLanguage\":\"pt-BR\",\"url\":\"http:\/\/pepitta.odnet.com.br\/wp-content\/uploads\/2020\/10\/1245cebf5f938e382d1099a12b98d8c4.jpg\",\"width\":940,\"height\":788},{\"@type\":\"WebPage\",\"@id\":\"http:\/\/pepitta.odnet.com.br\/index.php\/product\/mais-meditacao\/#webpage\",\"url\":\"http:\/\/pepitta.odnet.com.br\/index.php\/product\/mais-meditacao\/\",\"name\":\"Mais Medita\\u00e7\\u00e3o - Pepitta Store\",\"isPartOf\":{\"@id\":\"http:\/\/pepitta.odnet.com.br\/#website\"},\"primaryImageOfPage\":{\"@id\":\"http:\/\/pepitta.odnet.com.br\/index.php\/product\/mais-meditacao\/#primaryimage\"},\"datePublished\":\"2020-10-07T11:24:26+00:00\",\"dateModified\":\"2020-10-07T11:24:26+00:00\",\"inLanguage\":\"pt-BR\",\"potentialAction\":[{\"@type\":\"ReadAction\",\"target\":[\"http:\/\/pepitta.odnet.com.br\/index.php\/product\/mais-meditacao\/\"]}]}]}<\/script>\n<!-- \/ Yoast SEO plugin. -->","_links":{"self":[{"href":"http:\/\/pepitta.odnet.com.br\/index.php\/wp-json\/wp\/v2\/product\/8718"}],"collection":[{"href":"http:\/\/pepitta.odnet.com.br\/index.php\/wp-json\/wp\/v2\/product"}],"about":[{"href":"http:\/\/pepitta.odnet.com.br\/index.php\/wp-json\/wp\/v2\/types\/product"}],"replies":[{"embeddable":true,"href":"http:\/\/pepitta.odnet.com.br\/index.php\/wp-json\/wp\/v2\/comments?post=8718"}],"wp:featuredmedia":[{"embeddable":true,"href":"http:\/\/pepitta.odnet.com.br\/index.php\/wp-json\/wp\/v2\/media\/8717"}],"wp:attachment":[{"href":"http:\/\/pepitta.odnet.com.br\/index.php\/wp-json\/wp\/v2\/media?parent=8718"}],"curies":[{"name":"wp","href":"https:\/\/api.w.org\/{rel}","templated":true}]}}