{"id":8722,"date":"2020-10-07T11:24:46","date_gmt":"2020-10-07T11:24:46","guid":{"rendered":"http:\/\/pepitta.odnet.com.br\/index.php\/product\/mais-saude\/"},"modified":"2020-10-07T11:24:46","modified_gmt":"2020-10-07T11:24:46","slug":"mais-saude","status":"publish","type":"product","link":"http:\/\/pepitta.odnet.com.br\/index.php\/product\/mais-saude\/","title":{"rendered":"Mais Sa\u00fade"},"content":{"rendered":"<p><span style=\"color: #050505;font-family: 'Segoe UI Historic', 'Segoe UI', Helvetica, Arial, sans-serif;font-size: 15px\">Quartzo Verde \u2013 apelidado de o \u201cenfermeiro\u201d das pedras, pois \u00e9 considerado como principal ativador da cura.<\/span><br style=\"color: #050505;font-family: 'Segoe UI Historic', 'Segoe UI', Helvetica, Arial, sans-serif;font-size: 15px\" \/><span style=\"color: #050505;font-family: 'Segoe UI Historic', 'Segoe UI', Helvetica, Arial, sans-serif;font-size: 15px\">Enxofre \u2013 poderoso para combater as energias nocivas que atuam contra a nossa sa\u00fade espiritual.<\/span><br style=\"color: #050505;font-family: 'Segoe UI Historic', 'Segoe UI', Helvetica, Arial, sans-serif;font-size: 15px\" \/><span style=\"color: #050505;font-family: 'Segoe UI Historic', 'Segoe UI', Helvetica, Arial, sans-serif;font-size: 15px\">Quartzo Azul \u2013 regulariza o funcionamento de todos os \u00f3rg\u00e3os, melhorando a sa\u00fade como um todo.<\/span><br style=\"color: #050505;font-family: 'Segoe UI Historic', 'Segoe UI', Helvetica, Arial, sans-serif;font-size: 15px\" \/><span style=\"color: #050505;font-family: 'Segoe UI Historic', 'Segoe UI', Helvetica, Arial, sans-serif;font-size: 15px\">Pedra da Lua \u2013 harmoniza a mente, promovendo sa\u00fade e prote\u00e7\u00e3o.<\/span><\/p>\n","protected":false},"excerpt":{"rendered":"<p>Quartzo Verde \u2013 apelidado de o \u201cenfermeiro\u201d das pedras, pois \u00e9 considerado como principal ativador da cura.Enxofre \u2013 poderoso para combater as energias nocivas que atuam contra a nossa sa\u00fade espiritual.Quartzo Azul \u2013 regulariza o funcionamento de todos os \u00f3rg\u00e3os, melhorando a sa\u00fade como um todo.Pedra da Lua \u2013 harmoniza a mente, promovendo sa\u00fade e&hellip; <a class=\"read-more-link\" href=\"http:\/\/pepitta.odnet.com.br\/index.php\/product\/mais-saude\/\">Read More<\/a><\/p>\n","protected":false},"featured_media":8721,"comment_status":"open","ping_status":"closed","template":"","meta":[],"yoast_head":"<!-- This site is optimized with the Yoast SEO plugin v15.0 - https:\/\/yoast.com\/wordpress\/plugins\/seo\/ -->\n<title>Mais Sa\u00fade - Pepitta Store<\/title>\n<meta name=\"robots\" content=\"index, follow, max-snippet:-1, max-image-preview:large, max-video-preview:-1\" \/>\n<link rel=\"canonical\" href=\"http:\/\/pepitta.odnet.com.br\/index.php\/product\/mais-saude\/\" \/>\n<meta property=\"og:locale\" content=\"pt_BR\" \/>\n<meta property=\"og:type\" content=\"article\" \/>\n<meta property=\"og:title\" content=\"Mais Sa\u00fade - Pepitta Store\" \/>\n<meta property=\"og:description\" content=\"Quartzo Verde \u2013 apelidado de o \u201cenfermeiro\u201d das pedras, pois \u00e9 considerado como principal ativador da cura.Enxofre \u2013 poderoso para combater as energias nocivas que atuam contra a nossa sa\u00fade espiritual.Quartzo Azul \u2013 regulariza o funcionamento de todos os \u00f3rg\u00e3os, melhorando a sa\u00fade como um todo.Pedra da Lua \u2013 harmoniza a mente, promovendo sa\u00fade e&hellip; Read More\" \/>\n<meta property=\"og:url\" content=\"http:\/\/pepitta.odnet.com.br\/index.php\/product\/mais-saude\/\" \/>\n<meta property=\"og:site_name\" content=\"Pepitta Store\" \/>\n<meta name=\"twitter:card\" content=\"summary_large_image\" \/>\n<script type=\"application\/ld+json\" class=\"yoast-schema-graph\">{\"@context\":\"https:\/\/schema.org\",\"@graph\":[{\"@type\":\"WebSite\",\"@id\":\"http:\/\/pepitta.odnet.com.br\/#website\",\"url\":\"http:\/\/pepitta.odnet.com.br\/\",\"name\":\"Pepitta Store\",\"description\":\"O Poder das Pedras\",\"potentialAction\":[{\"@type\":\"SearchAction\",\"target\":\"http:\/\/pepitta.odnet.com.br\/?s={search_term_string}\",\"query-input\":\"required name=search_term_string\"}],\"inLanguage\":\"pt-BR\"},{\"@type\":\"ImageObject\",\"@id\":\"http:\/\/pepitta.odnet.com.br\/index.php\/product\/mais-saude\/#primaryimage\",\"inLanguage\":\"pt-BR\",\"url\":\"http:\/\/pepitta.odnet.com.br\/wp-content\/uploads\/2020\/10\/a4c9074dd742ea41a1b661c3dbc04717.jpg\",\"width\":940,\"height\":788},{\"@type\":\"WebPage\",\"@id\":\"http:\/\/pepitta.odnet.com.br\/index.php\/product\/mais-saude\/#webpage\",\"url\":\"http:\/\/pepitta.odnet.com.br\/index.php\/product\/mais-saude\/\",\"name\":\"Mais Sa\\u00fade - Pepitta Store\",\"isPartOf\":{\"@id\":\"http:\/\/pepitta.odnet.com.br\/#website\"},\"primaryImageOfPage\":{\"@id\":\"http:\/\/pepitta.odnet.com.br\/index.php\/product\/mais-saude\/#primaryimage\"},\"datePublished\":\"2020-10-07T11:24:46+00:00\",\"dateModified\":\"2020-10-07T11:24:46+00:00\",\"inLanguage\":\"pt-BR\",\"potentialAction\":[{\"@type\":\"ReadAction\",\"target\":[\"http:\/\/pepitta.odnet.com.br\/index.php\/product\/mais-saude\/\"]}]}]}<\/script>\n<!-- \/ Yoast SEO plugin. -->","_links":{"self":[{"href":"http:\/\/pepitta.odnet.com.br\/index.php\/wp-json\/wp\/v2\/product\/8722"}],"collection":[{"href":"http:\/\/pepitta.odnet.com.br\/index.php\/wp-json\/wp\/v2\/product"}],"about":[{"href":"http:\/\/pepitta.odnet.com.br\/index.php\/wp-json\/wp\/v2\/types\/product"}],"replies":[{"embeddable":true,"href":"http:\/\/pepitta.odnet.com.br\/index.php\/wp-json\/wp\/v2\/comments?post=8722"}],"wp:featuredmedia":[{"embeddable":true,"href":"http:\/\/pepitta.odnet.com.br\/index.php\/wp-json\/wp\/v2\/media\/8721"}],"wp:attachment":[{"href":"http:\/\/pepitta.odnet.com.br\/index.php\/wp-json\/wp\/v2\/media?parent=8722"}],"curies":[{"name":"wp","href":"https:\/\/api.w.org\/{rel}","templated":true}]}}