{"id":8747,"date":"2020-10-07T11:58:16","date_gmt":"2020-10-07T11:58:16","guid":{"rendered":"http:\/\/pepitta.odnet.com.br\/index.php\/product\/pulseira-de-madreperola-e-quartzo-fume-anel-quartzo-fume\/"},"modified":"2020-10-07T11:58:29","modified_gmt":"2020-10-07T11:58:29","slug":"pulseira-de-madreperola-e-quartzo-fume-anel-quartzo-fume","status":"publish","type":"product","link":"http:\/\/pepitta.odnet.com.br\/index.php\/product\/pulseira-de-madreperola-e-quartzo-fume-anel-quartzo-fume\/","title":{"rendered":"Pulseira de Madrep\u00e9rola e Quartzo Fum\u00ea &#8211; Anel Quartzo Fum\u00ea"},"content":{"rendered":"<p><span style=\"color: #050505;font-family: 'Segoe UI Historic', 'Segoe UI', Helvetica, Arial, sans-serif;font-size: 15px\">Pulseira de Madrep\u00e9rola e Quartzo Fum\u00ea, Anel Quartzo Fum\u00ea<\/span><br style=\"color: #050505;font-family: 'Segoe UI Historic', 'Segoe UI', Helvetica, Arial, sans-serif;font-size: 15px\" \/><span style=\"color: #050505;font-family: 'Segoe UI Historic', 'Segoe UI', Helvetica, Arial, sans-serif;font-size: 15px\">A principal fun\u00e7\u00e3o do Quartzo Fum\u00ea \u00e9 a da concretiza\u00e7\u00e3o, ou seja, deve ser usado quando desejamos realizar de fato um objetivo. Ele faz com que a pessoa readquira seguran\u00e7a e tenha a sensa\u00e7\u00e3o de enraizamento.<\/span><br style=\"color: #050505;font-family: 'Segoe UI Historic', 'Segoe UI', Helvetica, Arial, sans-serif;font-size: 15px\" \/><span style=\"color: #050505;font-family: 'Segoe UI Historic', 'Segoe UI', Helvetica, Arial, sans-serif;font-size: 15px\">E a Madrep\u00e9rola estar associada ao dinheiro, pode-se usar a madrep\u00e9rola para atrair dinheiro, riquezas e prosperidade.<\/span><\/p>\n","protected":false},"excerpt":{"rendered":"<p>Pulseira de Madrep\u00e9rola e Quartzo Fum\u00ea, Anel Quartzo Fum\u00eaA principal fun\u00e7\u00e3o do Quartzo Fum\u00ea \u00e9 a da concretiza\u00e7\u00e3o, ou seja, deve ser usado quando desejamos realizar de fato um objetivo. Ele faz com que a pessoa readquira seguran\u00e7a e tenha a sensa\u00e7\u00e3o de enraizamento.E a Madrep\u00e9rola estar associada ao dinheiro, pode-se usar a madrep\u00e9rola para&hellip; <a class=\"read-more-link\" href=\"http:\/\/pepitta.odnet.com.br\/index.php\/product\/pulseira-de-madreperola-e-quartzo-fume-anel-quartzo-fume\/\">Read More<\/a><\/p>\n","protected":false},"featured_media":8746,"comment_status":"open","ping_status":"closed","template":"","meta":[],"yoast_head":"<!-- This site is optimized with the Yoast SEO plugin v15.0 - https:\/\/yoast.com\/wordpress\/plugins\/seo\/ -->\n<title>Pulseira de Madrep\u00e9rola e Quartzo Fum\u00ea - Anel Quartzo Fum\u00ea - Pepitta Store<\/title>\n<meta name=\"robots\" content=\"index, follow, max-snippet:-1, max-image-preview:large, max-video-preview:-1\" \/>\n<link rel=\"canonical\" href=\"http:\/\/pepitta.odnet.com.br\/index.php\/product\/pulseira-de-madreperola-e-quartzo-fume-anel-quartzo-fume\/\" \/>\n<meta property=\"og:locale\" content=\"pt_BR\" \/>\n<meta property=\"og:type\" content=\"article\" \/>\n<meta property=\"og:title\" content=\"Pulseira de Madrep\u00e9rola e Quartzo Fum\u00ea - Anel Quartzo Fum\u00ea - Pepitta Store\" \/>\n<meta property=\"og:description\" content=\"Pulseira de Madrep\u00e9rola e Quartzo Fum\u00ea, Anel Quartzo Fum\u00eaA principal fun\u00e7\u00e3o do Quartzo Fum\u00ea \u00e9 a da concretiza\u00e7\u00e3o, ou seja, deve ser usado quando desejamos realizar de fato um objetivo. Ele faz com que a pessoa readquira seguran\u00e7a e tenha a sensa\u00e7\u00e3o de enraizamento.E a Madrep\u00e9rola estar associada ao dinheiro, pode-se usar a madrep\u00e9rola para&hellip; Read More\" \/>\n<meta property=\"og:url\" content=\"http:\/\/pepitta.odnet.com.br\/index.php\/product\/pulseira-de-madreperola-e-quartzo-fume-anel-quartzo-fume\/\" \/>\n<meta property=\"og:site_name\" content=\"Pepitta Store\" \/>\n<meta property=\"article:modified_time\" content=\"2020-10-07T11:58:29+00:00\" \/>\n<meta name=\"twitter:card\" content=\"summary_large_image\" \/>\n<script type=\"application\/ld+json\" class=\"yoast-schema-graph\">{\"@context\":\"https:\/\/schema.org\",\"@graph\":[{\"@type\":\"WebSite\",\"@id\":\"http:\/\/pepitta.odnet.com.br\/#website\",\"url\":\"http:\/\/pepitta.odnet.com.br\/\",\"name\":\"Pepitta Store\",\"description\":\"O Poder das Pedras\",\"potentialAction\":[{\"@type\":\"SearchAction\",\"target\":\"http:\/\/pepitta.odnet.com.br\/?s={search_term_string}\",\"query-input\":\"required name=search_term_string\"}],\"inLanguage\":\"pt-BR\"},{\"@type\":\"ImageObject\",\"@id\":\"http:\/\/pepitta.odnet.com.br\/index.php\/product\/pulseira-de-madreperola-e-quartzo-fume-anel-quartzo-fume\/#primaryimage\",\"inLanguage\":\"pt-BR\",\"url\":\"http:\/\/pepitta.odnet.com.br\/wp-content\/uploads\/2020\/10\/6e374be7a2e85ac71834536a6a74aeaa-scaled.jpg\",\"width\":1920,\"height\":2560},{\"@type\":\"WebPage\",\"@id\":\"http:\/\/pepitta.odnet.com.br\/index.php\/product\/pulseira-de-madreperola-e-quartzo-fume-anel-quartzo-fume\/#webpage\",\"url\":\"http:\/\/pepitta.odnet.com.br\/index.php\/product\/pulseira-de-madreperola-e-quartzo-fume-anel-quartzo-fume\/\",\"name\":\"Pulseira de Madrep\\u00e9rola e Quartzo Fum\\u00ea - Anel Quartzo Fum\\u00ea - Pepitta Store\",\"isPartOf\":{\"@id\":\"http:\/\/pepitta.odnet.com.br\/#website\"},\"primaryImageOfPage\":{\"@id\":\"http:\/\/pepitta.odnet.com.br\/index.php\/product\/pulseira-de-madreperola-e-quartzo-fume-anel-quartzo-fume\/#primaryimage\"},\"datePublished\":\"2020-10-07T11:58:16+00:00\",\"dateModified\":\"2020-10-07T11:58:29+00:00\",\"inLanguage\":\"pt-BR\",\"potentialAction\":[{\"@type\":\"ReadAction\",\"target\":[\"http:\/\/pepitta.odnet.com.br\/index.php\/product\/pulseira-de-madreperola-e-quartzo-fume-anel-quartzo-fume\/\"]}]}]}<\/script>\n<!-- \/ Yoast SEO plugin. -->","_links":{"self":[{"href":"http:\/\/pepitta.odnet.com.br\/index.php\/wp-json\/wp\/v2\/product\/8747"}],"collection":[{"href":"http:\/\/pepitta.odnet.com.br\/index.php\/wp-json\/wp\/v2\/product"}],"about":[{"href":"http:\/\/pepitta.odnet.com.br\/index.php\/wp-json\/wp\/v2\/types\/product"}],"replies":[{"embeddable":true,"href":"http:\/\/pepitta.odnet.com.br\/index.php\/wp-json\/wp\/v2\/comments?post=8747"}],"wp:featuredmedia":[{"embeddable":true,"href":"http:\/\/pepitta.odnet.com.br\/index.php\/wp-json\/wp\/v2\/media\/8746"}],"wp:attachment":[{"href":"http:\/\/pepitta.odnet.com.br\/index.php\/wp-json\/wp\/v2\/media?parent=8747"}],"curies":[{"name":"wp","href":"https:\/\/api.w.org\/{rel}","templated":true}]}}