{"id":8751,"date":"2020-10-07T11:58:43","date_gmt":"2020-10-07T11:58:43","guid":{"rendered":"http:\/\/pepitta.odnet.com.br\/index.php\/product\/pulseira-de-madreperola-e-quartzo-rosa-anel-quartzo-rosa\/"},"modified":"2020-10-07T11:58:55","modified_gmt":"2020-10-07T11:58:55","slug":"pulseira-de-madreperola-e-quartzo-rosa-anel-quartzo-rosa","status":"publish","type":"product","link":"http:\/\/pepitta.odnet.com.br\/index.php\/product\/pulseira-de-madreperola-e-quartzo-rosa-anel-quartzo-rosa\/","title":{"rendered":"Pulseira de Madrep\u00e9rola e Quartzo Rosa &#8211; Anel Quartzo Rosa"},"content":{"rendered":"<p><span style=\"color: #050505;font-family: 'Segoe UI Historic', 'Segoe UI', Helvetica, Arial, sans-serif;font-size: 15px\">Pulseira de Madrep\u00e9rola e Quartzo Rosa, Anel Quartzo Rosa<\/span><br style=\"color: #050505;font-family: 'Segoe UI Historic', 'Segoe UI', Helvetica, Arial, sans-serif;font-size: 15px\" \/><span style=\"color: #050505;font-family: 'Segoe UI Historic', 'Segoe UI', Helvetica, Arial, sans-serif;font-size: 15px\">A principal fun\u00e7\u00e3o do Quartzo Rosa \u00e9 despertar bons sentimentos nas pessoas, inclusive o amor. Com ele v\u00eam junto o sentido de perd\u00e3o de aproxima\u00e7\u00e3o das pessoas, uni\u00e3o e o amor-pr\u00f3prio<\/span><br style=\"color: #050505;font-family: 'Segoe UI Historic', 'Segoe UI', Helvetica, Arial, sans-serif;font-size: 15px\" \/><span style=\"color: #050505;font-family: 'Segoe UI Historic', 'Segoe UI', Helvetica, Arial, sans-serif;font-size: 15px\">E a Madrep\u00e9rola estar associada ao dinheiro, pode-se usar a madrep\u00e9rola para atrair dinheiro, riquezas e prosperidade.<\/span><\/p>\n","protected":false},"excerpt":{"rendered":"<p>Pulseira de Madrep\u00e9rola e Quartzo Rosa, Anel Quartzo RosaA principal fun\u00e7\u00e3o do Quartzo Rosa \u00e9 despertar bons sentimentos nas pessoas, inclusive o amor. Com ele v\u00eam junto o sentido de perd\u00e3o de aproxima\u00e7\u00e3o das pessoas, uni\u00e3o e o amor-pr\u00f3prioE a Madrep\u00e9rola estar associada ao dinheiro, pode-se usar a madrep\u00e9rola para atrair dinheiro, riquezas e prosperidade.<\/p>\n","protected":false},"featured_media":8750,"comment_status":"open","ping_status":"closed","template":"","meta":[],"yoast_head":"<!-- This site is optimized with the Yoast SEO plugin v15.0 - https:\/\/yoast.com\/wordpress\/plugins\/seo\/ -->\n<title>Pulseira de Madrep\u00e9rola e Quartzo Rosa - Anel Quartzo Rosa - Pepitta Store<\/title>\n<meta name=\"robots\" content=\"index, follow, max-snippet:-1, max-image-preview:large, max-video-preview:-1\" \/>\n<link rel=\"canonical\" href=\"http:\/\/pepitta.odnet.com.br\/index.php\/product\/pulseira-de-madreperola-e-quartzo-rosa-anel-quartzo-rosa\/\" \/>\n<meta property=\"og:locale\" content=\"pt_BR\" \/>\n<meta property=\"og:type\" content=\"article\" \/>\n<meta property=\"og:title\" content=\"Pulseira de Madrep\u00e9rola e Quartzo Rosa - Anel Quartzo Rosa - Pepitta Store\" \/>\n<meta property=\"og:description\" content=\"Pulseira de Madrep\u00e9rola e Quartzo Rosa, Anel Quartzo RosaA principal fun\u00e7\u00e3o do Quartzo Rosa \u00e9 despertar bons sentimentos nas pessoas, inclusive o amor. Com ele v\u00eam junto o sentido de perd\u00e3o de aproxima\u00e7\u00e3o das pessoas, uni\u00e3o e o amor-pr\u00f3prioE a Madrep\u00e9rola estar associada ao dinheiro, pode-se usar a madrep\u00e9rola para atrair dinheiro, riquezas e prosperidade.\" \/>\n<meta property=\"og:url\" content=\"http:\/\/pepitta.odnet.com.br\/index.php\/product\/pulseira-de-madreperola-e-quartzo-rosa-anel-quartzo-rosa\/\" \/>\n<meta property=\"og:site_name\" content=\"Pepitta Store\" \/>\n<meta property=\"article:modified_time\" content=\"2020-10-07T11:58:55+00:00\" \/>\n<meta name=\"twitter:card\" content=\"summary_large_image\" \/>\n<script type=\"application\/ld+json\" class=\"yoast-schema-graph\">{\"@context\":\"https:\/\/schema.org\",\"@graph\":[{\"@type\":\"WebSite\",\"@id\":\"http:\/\/pepitta.odnet.com.br\/#website\",\"url\":\"http:\/\/pepitta.odnet.com.br\/\",\"name\":\"Pepitta Store\",\"description\":\"O Poder das Pedras\",\"potentialAction\":[{\"@type\":\"SearchAction\",\"target\":\"http:\/\/pepitta.odnet.com.br\/?s={search_term_string}\",\"query-input\":\"required name=search_term_string\"}],\"inLanguage\":\"pt-BR\"},{\"@type\":\"ImageObject\",\"@id\":\"http:\/\/pepitta.odnet.com.br\/index.php\/product\/pulseira-de-madreperola-e-quartzo-rosa-anel-quartzo-rosa\/#primaryimage\",\"inLanguage\":\"pt-BR\",\"url\":\"http:\/\/pepitta.odnet.com.br\/wp-content\/uploads\/2020\/10\/6e189071d192e2c3accc998edeacc650-scaled.jpg\",\"width\":1920,\"height\":2560},{\"@type\":\"WebPage\",\"@id\":\"http:\/\/pepitta.odnet.com.br\/index.php\/product\/pulseira-de-madreperola-e-quartzo-rosa-anel-quartzo-rosa\/#webpage\",\"url\":\"http:\/\/pepitta.odnet.com.br\/index.php\/product\/pulseira-de-madreperola-e-quartzo-rosa-anel-quartzo-rosa\/\",\"name\":\"Pulseira de Madrep\\u00e9rola e Quartzo Rosa - Anel Quartzo Rosa - Pepitta Store\",\"isPartOf\":{\"@id\":\"http:\/\/pepitta.odnet.com.br\/#website\"},\"primaryImageOfPage\":{\"@id\":\"http:\/\/pepitta.odnet.com.br\/index.php\/product\/pulseira-de-madreperola-e-quartzo-rosa-anel-quartzo-rosa\/#primaryimage\"},\"datePublished\":\"2020-10-07T11:58:43+00:00\",\"dateModified\":\"2020-10-07T11:58:55+00:00\",\"inLanguage\":\"pt-BR\",\"potentialAction\":[{\"@type\":\"ReadAction\",\"target\":[\"http:\/\/pepitta.odnet.com.br\/index.php\/product\/pulseira-de-madreperola-e-quartzo-rosa-anel-quartzo-rosa\/\"]}]}]}<\/script>\n<!-- \/ Yoast SEO plugin. -->","_links":{"self":[{"href":"http:\/\/pepitta.odnet.com.br\/index.php\/wp-json\/wp\/v2\/product\/8751"}],"collection":[{"href":"http:\/\/pepitta.odnet.com.br\/index.php\/wp-json\/wp\/v2\/product"}],"about":[{"href":"http:\/\/pepitta.odnet.com.br\/index.php\/wp-json\/wp\/v2\/types\/product"}],"replies":[{"embeddable":true,"href":"http:\/\/pepitta.odnet.com.br\/index.php\/wp-json\/wp\/v2\/comments?post=8751"}],"wp:featuredmedia":[{"embeddable":true,"href":"http:\/\/pepitta.odnet.com.br\/index.php\/wp-json\/wp\/v2\/media\/8750"}],"wp:attachment":[{"href":"http:\/\/pepitta.odnet.com.br\/index.php\/wp-json\/wp\/v2\/media?parent=8751"}],"curies":[{"name":"wp","href":"https:\/\/api.w.org\/{rel}","templated":true}]}}