{"id":8763,"date":"2020-10-07T11:59:44","date_gmt":"2020-10-07T11:59:44","guid":{"rendered":"http:\/\/pepitta.odnet.com.br\/index.php\/product\/kit-7-pedras-poderosas\/"},"modified":"2020-10-07T11:59:44","modified_gmt":"2020-10-07T11:59:44","slug":"kit-7-pedras-poderosas","status":"publish","type":"product","link":"http:\/\/pepitta.odnet.com.br\/index.php\/product\/kit-7-pedras-poderosas\/","title":{"rendered":"Kit 7 pedras poderosas"},"content":{"rendered":"<p><span style=\"color: #050505;font-family: 'Segoe UI Historic', 'Segoe UI', Helvetica, Arial, sans-serif;font-size: 15px\">7 Super Pedras Protetoras<\/span><br style=\"color: #050505;font-family: 'Segoe UI Historic', 'Segoe UI', Helvetica, Arial, sans-serif;font-size: 15px\" \/><span class=\"pq6dq46d tbxw36s4 knj5qynh kvgmc6g5 ditlmg2l oygrvhab nvdbi5me sf5mxxl7 gl3lb2sf hhz5lgdu\" style=\"margin: 0px 1px;height: 16px;width: 16px;vertical-align: middle;font-family: 'Segoe UI Historic', 'Segoe UI', Helvetica, Arial, sans-serif;color: #050505;font-size: 15px\"><img loading=\"lazy\" style=\"border: 0px\" src=\"https:\/\/static.xx.fbcdn.net\/images\/emoji.php\/v9\/t8d\/1\/16\/2611.png\" alt=\"\u2611\ufe0f\" width=\"16\" height=\"16\" \/><\/span><span style=\"color: #050505;font-family: 'Segoe UI Historic', 'Segoe UI', Helvetica, Arial, sans-serif;font-size: 15px\">Turmalina Negra: Cria um escudo protetor em voc\u00ea contra inveja, mau-olhado, raiva e todas outras formas de energias negativas.<\/span><br style=\"color: #050505;font-family: 'Segoe UI Historic', 'Segoe UI', Helvetica, Arial, sans-serif;font-size: 15px\" \/><span class=\"pq6dq46d tbxw36s4 knj5qynh kvgmc6g5 ditlmg2l oygrvhab nvdbi5me sf5mxxl7 gl3lb2sf hhz5lgdu\" style=\"margin: 0px 1px;height: 16px;width: 16px;vertical-align: middle;font-family: 'Segoe UI Historic', 'Segoe UI', Helvetica, Arial, sans-serif;color: #050505;font-size: 15px\"><img loading=\"lazy\" style=\"border: 0px\" src=\"https:\/\/static.xx.fbcdn.net\/images\/emoji.php\/v9\/t8d\/1\/16\/2611.png\" alt=\"\u2611\ufe0f\" width=\"16\" height=\"16\" \/><\/span><span style=\"color: #050505;font-family: 'Segoe UI Historic', 'Segoe UI', Helvetica, Arial, sans-serif;font-size: 15px\">Olho de Tigre: Neutraliza as for\u00e7as negativas, afasta m\u00e1s influ\u00eancias, resolve os conflitos e quebra qualquer tipo de maldi\u00e7\u00e3o e feiti\u00e7os.<\/span><br style=\"color: #050505;font-family: 'Segoe UI Historic', 'Segoe UI', Helvetica, Arial, sans-serif;font-size: 15px\" \/><span class=\"pq6dq46d tbxw36s4 knj5qynh kvgmc6g5 ditlmg2l oygrvhab nvdbi5me sf5mxxl7 gl3lb2sf hhz5lgdu\" style=\"margin: 0px 1px;height: 16px;width: 16px;vertical-align: middle;font-family: 'Segoe UI Historic', 'Segoe UI', Helvetica, Arial, sans-serif;color: #050505;font-size: 15px\"><img loading=\"lazy\" style=\"border: 0px\" src=\"https:\/\/static.xx.fbcdn.net\/images\/emoji.php\/v9\/t8d\/1\/16\/2611.png\" alt=\"\u2611\ufe0f\" width=\"16\" height=\"16\" \/><\/span><span style=\"color: #050505;font-family: 'Segoe UI Historic', 'Segoe UI', Helvetica, Arial, sans-serif;font-size: 15px\">Hematita: Desintegra energias negativas e carrega uma forte energia Yang, ajudando a aumentar nossa a for\u00e7a pessoal e auto confian\u00e7a.<\/span><br style=\"color: #050505;font-family: 'Segoe UI Historic', 'Segoe UI', Helvetica, Arial, sans-serif;font-size: 15px\" \/><span class=\"pq6dq46d tbxw36s4 knj5qynh kvgmc6g5 ditlmg2l oygrvhab nvdbi5me sf5mxxl7 gl3lb2sf hhz5lgdu\" style=\"margin: 0px 1px;height: 16px;width: 16px;vertical-align: middle;font-family: 'Segoe UI Historic', 'Segoe UI', Helvetica, Arial, sans-serif;color: #050505;font-size: 15px\"><img loading=\"lazy\" style=\"border: 0px\" src=\"https:\/\/static.xx.fbcdn.net\/images\/emoji.php\/v9\/t8d\/1\/16\/2611.png\" alt=\"\u2611\ufe0f\" width=\"16\" height=\"16\" \/><\/span><span style=\"color: #050505;font-family: 'Segoe UI Historic', 'Segoe UI', Helvetica, Arial, sans-serif;font-size: 15px\">\u00c1gata: Protege e fortalece nosso campo bioenerg\u00e9tico, harmoniza as emo\u00e7\u00f5es e expurga energias ao seu redor.<\/span><br style=\"color: #050505;font-family: 'Segoe UI Historic', 'Segoe UI', Helvetica, Arial, sans-serif;font-size: 15px\" \/><span class=\"pq6dq46d tbxw36s4 knj5qynh kvgmc6g5 ditlmg2l oygrvhab nvdbi5me sf5mxxl7 gl3lb2sf hhz5lgdu\" style=\"margin: 0px 1px;height: 16px;width: 16px;vertical-align: middle;font-family: 'Segoe UI Historic', 'Segoe UI', Helvetica, Arial, sans-serif;color: #050505;font-size: 15px\"><img loading=\"lazy\" style=\"border: 0px\" src=\"https:\/\/static.xx.fbcdn.net\/images\/emoji.php\/v9\/t8d\/1\/16\/2611.png\" alt=\"\u2611\ufe0f\" width=\"16\" height=\"16\" \/><\/span><span style=\"color: #050505;font-family: 'Segoe UI Historic', 'Segoe UI', Helvetica, Arial, sans-serif;font-size: 15px\">Cianita Azul: Ela nos protege de ataques energ\u00e9ticos, afasta as influ\u00eancias negativas e nos conecta com as for\u00e7as protetoras do Arcanjo Miguel.<\/span><br style=\"color: #050505;font-family: 'Segoe UI Historic', 'Segoe UI', Helvetica, Arial, sans-serif;font-size: 15px\" \/><span class=\"pq6dq46d tbxw36s4 knj5qynh kvgmc6g5 ditlmg2l oygrvhab nvdbi5me sf5mxxl7 gl3lb2sf hhz5lgdu\" style=\"margin: 0px 1px;height: 16px;width: 16px;vertical-align: middle;font-family: 'Segoe UI Historic', 'Segoe UI', Helvetica, Arial, sans-serif;color: #050505;font-size: 15px\"><img loading=\"lazy\" style=\"border: 0px\" src=\"https:\/\/static.xx.fbcdn.net\/images\/emoji.php\/v9\/t8d\/1\/16\/2611.png\" alt=\"\u2611\ufe0f\" width=\"16\" height=\"16\" \/><\/span><span style=\"color: #050505;font-family: 'Segoe UI Historic', 'Segoe UI', Helvetica, Arial, sans-serif;font-size: 15px\">Selenita: Cria um escudo protetor ao redor, libera entidades presas a Aura, nos rejuvenesce e energiza nossos corpos de luz.<\/span><br style=\"color: #050505;font-family: 'Segoe UI Historic', 'Segoe UI', Helvetica, Arial, sans-serif;font-size: 15px\" \/><span class=\"pq6dq46d tbxw36s4 knj5qynh kvgmc6g5 ditlmg2l oygrvhab nvdbi5me sf5mxxl7 gl3lb2sf hhz5lgdu\" style=\"margin: 0px 1px;height: 16px;width: 16px;vertical-align: middle;font-family: 'Segoe UI Historic', 'Segoe UI', Helvetica, Arial, sans-serif;color: #050505;font-size: 15px\"><img loading=\"lazy\" style=\"border: 0px\" src=\"https:\/\/static.xx.fbcdn.net\/images\/emoji.php\/v9\/t8d\/1\/16\/2611.png\" alt=\"\u2611\ufe0f\" width=\"16\" height=\"16\" \/><\/span><span style=\"color: #050505;font-family: 'Segoe UI Historic', 'Segoe UI', Helvetica, Arial, sans-serif;font-size: 15px\">Drusa de Cristal: Purifica e eleva as energias do ambiente, energiza outras pedras e cristais, dissipa a negatividade e atrai vibra\u00e7\u00f5es positivas<\/span><\/p>\n","protected":false},"excerpt":{"rendered":"<p>7 Super Pedras ProtetorasTurmalina Negra: Cria um escudo protetor em voc\u00ea contra inveja, mau-olhado, raiva e todas outras formas de energias negativas.Olho de Tigre: Neutraliza as for\u00e7as negativas, afasta m\u00e1s influ\u00eancias, resolve os conflitos e quebra qualquer tipo de maldi\u00e7\u00e3o e feiti\u00e7os.Hematita: Desintegra energias negativas e carrega uma forte energia Yang, ajudando a aumentar nossa&hellip; <a class=\"read-more-link\" href=\"http:\/\/pepitta.odnet.com.br\/index.php\/product\/kit-7-pedras-poderosas\/\">Read More<\/a><\/p>\n","protected":false},"featured_media":8762,"comment_status":"open","ping_status":"closed","template":"","meta":[],"yoast_head":"<!-- This site is optimized with the Yoast SEO plugin v15.0 - https:\/\/yoast.com\/wordpress\/plugins\/seo\/ -->\n<title>Kit 7 pedras poderosas - Pepitta Store<\/title>\n<meta name=\"robots\" content=\"index, follow, max-snippet:-1, max-image-preview:large, max-video-preview:-1\" \/>\n<link rel=\"canonical\" href=\"http:\/\/pepitta.odnet.com.br\/index.php\/product\/kit-7-pedras-poderosas\/\" \/>\n<meta property=\"og:locale\" content=\"pt_BR\" \/>\n<meta property=\"og:type\" content=\"article\" \/>\n<meta property=\"og:title\" content=\"Kit 7 pedras poderosas - Pepitta Store\" \/>\n<meta property=\"og:description\" content=\"7 Super Pedras ProtetorasTurmalina Negra: Cria um escudo protetor em voc\u00ea contra inveja, mau-olhado, raiva e todas outras formas de energias negativas.Olho de Tigre: Neutraliza as for\u00e7as negativas, afasta m\u00e1s influ\u00eancias, resolve os conflitos e quebra qualquer tipo de maldi\u00e7\u00e3o e feiti\u00e7os.Hematita: Desintegra energias negativas e carrega uma forte energia Yang, ajudando a aumentar nossa&hellip; Read More\" \/>\n<meta property=\"og:url\" content=\"http:\/\/pepitta.odnet.com.br\/index.php\/product\/kit-7-pedras-poderosas\/\" \/>\n<meta property=\"og:site_name\" content=\"Pepitta Store\" \/>\n<meta property=\"og:image\" content=\"https:\/\/static.xx.fbcdn.net\/images\/emoji.php\/v9\/t8d\/1\/16\/2611.png\" \/>\n<meta name=\"twitter:card\" content=\"summary_large_image\" \/>\n<script type=\"application\/ld+json\" class=\"yoast-schema-graph\">{\"@context\":\"https:\/\/schema.org\",\"@graph\":[{\"@type\":\"WebSite\",\"@id\":\"http:\/\/pepitta.odnet.com.br\/#website\",\"url\":\"http:\/\/pepitta.odnet.com.br\/\",\"name\":\"Pepitta Store\",\"description\":\"O Poder das Pedras\",\"potentialAction\":[{\"@type\":\"SearchAction\",\"target\":\"http:\/\/pepitta.odnet.com.br\/?s={search_term_string}\",\"query-input\":\"required name=search_term_string\"}],\"inLanguage\":\"pt-BR\"},{\"@type\":\"ImageObject\",\"@id\":\"http:\/\/pepitta.odnet.com.br\/index.php\/product\/kit-7-pedras-poderosas\/#primaryimage\",\"inLanguage\":\"pt-BR\",\"url\":\"http:\/\/pepitta.odnet.com.br\/wp-content\/uploads\/2020\/10\/7e3b793a2eb9ebcc77061cedb7ff451f.jpg\",\"width\":940,\"height\":788},{\"@type\":\"WebPage\",\"@id\":\"http:\/\/pepitta.odnet.com.br\/index.php\/product\/kit-7-pedras-poderosas\/#webpage\",\"url\":\"http:\/\/pepitta.odnet.com.br\/index.php\/product\/kit-7-pedras-poderosas\/\",\"name\":\"Kit 7 pedras poderosas - Pepitta Store\",\"isPartOf\":{\"@id\":\"http:\/\/pepitta.odnet.com.br\/#website\"},\"primaryImageOfPage\":{\"@id\":\"http:\/\/pepitta.odnet.com.br\/index.php\/product\/kit-7-pedras-poderosas\/#primaryimage\"},\"datePublished\":\"2020-10-07T11:59:44+00:00\",\"dateModified\":\"2020-10-07T11:59:44+00:00\",\"inLanguage\":\"pt-BR\",\"potentialAction\":[{\"@type\":\"ReadAction\",\"target\":[\"http:\/\/pepitta.odnet.com.br\/index.php\/product\/kit-7-pedras-poderosas\/\"]}]}]}<\/script>\n<!-- \/ Yoast SEO plugin. -->","_links":{"self":[{"href":"http:\/\/pepitta.odnet.com.br\/index.php\/wp-json\/wp\/v2\/product\/8763"}],"collection":[{"href":"http:\/\/pepitta.odnet.com.br\/index.php\/wp-json\/wp\/v2\/product"}],"about":[{"href":"http:\/\/pepitta.odnet.com.br\/index.php\/wp-json\/wp\/v2\/types\/product"}],"replies":[{"embeddable":true,"href":"http:\/\/pepitta.odnet.com.br\/index.php\/wp-json\/wp\/v2\/comments?post=8763"}],"wp:featuredmedia":[{"embeddable":true,"href":"http:\/\/pepitta.odnet.com.br\/index.php\/wp-json\/wp\/v2\/media\/8762"}],"wp:attachment":[{"href":"http:\/\/pepitta.odnet.com.br\/index.php\/wp-json\/wp\/v2\/media?parent=8763"}],"curies":[{"name":"wp","href":"https:\/\/api.w.org\/{rel}","templated":true}]}}