{"id":8773,"date":"2020-10-07T12:11:23","date_gmt":"2020-10-07T12:11:23","guid":{"rendered":"http:\/\/pepitta.odnet.com.br\/index.php\/product\/japamala-malaquita\/"},"modified":"2020-10-07T12:11:23","modified_gmt":"2020-10-07T12:11:23","slug":"japamala-malaquita","status":"publish","type":"product","link":"http:\/\/pepitta.odnet.com.br\/index.php\/product\/japamala-malaquita\/","title":{"rendered":"Japamala &#8211; Malaquita"},"content":{"rendered":"<p><span style=\"color: #050505;font-family: 'Segoe UI Historic', 'Segoe UI', Helvetica, Arial, sans-serif;font-size: 15px\">Voc\u00ea sabe o que \u00e9 Japamala?<\/span><br style=\"color: #050505;font-family: 'Segoe UI Historic', 'Segoe UI', Helvetica, Arial, sans-serif;font-size: 15px\" \/><span style=\"color: #050505;font-family: 'Segoe UI Historic', 'Segoe UI', Helvetica, Arial, sans-serif;font-size: 15px\">Japamala \u00e9 um tipo de ros\u00e1rio, de origem hindu\u00edsta e budista, que tem como principal fun\u00e7\u00e3o, auxiliar seu portador durante a pr\u00e1tica meditativa, pois o Japamala ajuda a manter a mente focada e livre de pensamentos.<\/span><br style=\"color: #050505;font-family: 'Segoe UI Historic', 'Segoe UI', Helvetica, Arial, sans-serif;font-size: 15px\" \/><span style=\"color: #050505;font-family: 'Segoe UI Historic', 'Segoe UI', Helvetica, Arial, sans-serif;font-size: 15px\">Malaquita \u00e9 a pedra da transforma\u00e7\u00e3o. Ela facilita o esquecimento de experi\u00eancias negativas uma vez que curam e recuperam a esperan\u00e7a. Ela \u00e9 muito inspiradora, purificadora, compassiva e ainda atrai o amor atrav\u00e9s do cora\u00e7\u00e3o aberto.<\/span><\/p>\n","protected":false},"excerpt":{"rendered":"<p>Voc\u00ea sabe o que \u00e9 Japamala?Japamala \u00e9 um tipo de ros\u00e1rio, de origem hindu\u00edsta e budista, que tem como principal fun\u00e7\u00e3o, auxiliar seu portador durante a pr\u00e1tica meditativa, pois o Japamala ajuda a manter a mente focada e livre de pensamentos.Malaquita \u00e9 a pedra da transforma\u00e7\u00e3o. Ela facilita o esquecimento de experi\u00eancias negativas uma vez&hellip; <a class=\"read-more-link\" href=\"http:\/\/pepitta.odnet.com.br\/index.php\/product\/japamala-malaquita\/\">Read More<\/a><\/p>\n","protected":false},"featured_media":8772,"comment_status":"open","ping_status":"closed","template":"","meta":[],"yoast_head":"<!-- This site is optimized with the Yoast SEO plugin v15.0 - https:\/\/yoast.com\/wordpress\/plugins\/seo\/ -->\n<title>Japamala - Malaquita - Pepitta Store<\/title>\n<meta name=\"robots\" content=\"index, follow, max-snippet:-1, max-image-preview:large, max-video-preview:-1\" \/>\n<link rel=\"canonical\" href=\"http:\/\/pepitta.odnet.com.br\/index.php\/product\/japamala-malaquita\/\" \/>\n<meta property=\"og:locale\" content=\"pt_BR\" \/>\n<meta property=\"og:type\" content=\"article\" \/>\n<meta property=\"og:title\" content=\"Japamala - Malaquita - Pepitta Store\" \/>\n<meta property=\"og:description\" content=\"Voc\u00ea sabe o que \u00e9 Japamala?Japamala \u00e9 um tipo de ros\u00e1rio, de origem hindu\u00edsta e budista, que tem como principal fun\u00e7\u00e3o, auxiliar seu portador durante a pr\u00e1tica meditativa, pois o Japamala ajuda a manter a mente focada e livre de pensamentos.Malaquita \u00e9 a pedra da transforma\u00e7\u00e3o. Ela facilita o esquecimento de experi\u00eancias negativas uma vez&hellip; Read More\" \/>\n<meta property=\"og:url\" content=\"http:\/\/pepitta.odnet.com.br\/index.php\/product\/japamala-malaquita\/\" \/>\n<meta property=\"og:site_name\" content=\"Pepitta Store\" \/>\n<meta name=\"twitter:card\" content=\"summary_large_image\" \/>\n<script type=\"application\/ld+json\" class=\"yoast-schema-graph\">{\"@context\":\"https:\/\/schema.org\",\"@graph\":[{\"@type\":\"WebSite\",\"@id\":\"http:\/\/pepitta.odnet.com.br\/#website\",\"url\":\"http:\/\/pepitta.odnet.com.br\/\",\"name\":\"Pepitta Store\",\"description\":\"O Poder das Pedras\",\"potentialAction\":[{\"@type\":\"SearchAction\",\"target\":\"http:\/\/pepitta.odnet.com.br\/?s={search_term_string}\",\"query-input\":\"required name=search_term_string\"}],\"inLanguage\":\"pt-BR\"},{\"@type\":\"ImageObject\",\"@id\":\"http:\/\/pepitta.odnet.com.br\/index.php\/product\/japamala-malaquita\/#primaryimage\",\"inLanguage\":\"pt-BR\",\"url\":\"http:\/\/pepitta.odnet.com.br\/wp-content\/uploads\/2020\/10\/e69b4bd4a9ff053b73d426440b7ce8ae.jpg\",\"width\":940,\"height\":788},{\"@type\":\"WebPage\",\"@id\":\"http:\/\/pepitta.odnet.com.br\/index.php\/product\/japamala-malaquita\/#webpage\",\"url\":\"http:\/\/pepitta.odnet.com.br\/index.php\/product\/japamala-malaquita\/\",\"name\":\"Japamala - Malaquita - Pepitta Store\",\"isPartOf\":{\"@id\":\"http:\/\/pepitta.odnet.com.br\/#website\"},\"primaryImageOfPage\":{\"@id\":\"http:\/\/pepitta.odnet.com.br\/index.php\/product\/japamala-malaquita\/#primaryimage\"},\"datePublished\":\"2020-10-07T12:11:23+00:00\",\"dateModified\":\"2020-10-07T12:11:23+00:00\",\"inLanguage\":\"pt-BR\",\"potentialAction\":[{\"@type\":\"ReadAction\",\"target\":[\"http:\/\/pepitta.odnet.com.br\/index.php\/product\/japamala-malaquita\/\"]}]}]}<\/script>\n<!-- \/ Yoast SEO plugin. -->","_links":{"self":[{"href":"http:\/\/pepitta.odnet.com.br\/index.php\/wp-json\/wp\/v2\/product\/8773"}],"collection":[{"href":"http:\/\/pepitta.odnet.com.br\/index.php\/wp-json\/wp\/v2\/product"}],"about":[{"href":"http:\/\/pepitta.odnet.com.br\/index.php\/wp-json\/wp\/v2\/types\/product"}],"replies":[{"embeddable":true,"href":"http:\/\/pepitta.odnet.com.br\/index.php\/wp-json\/wp\/v2\/comments?post=8773"}],"wp:featuredmedia":[{"embeddable":true,"href":"http:\/\/pepitta.odnet.com.br\/index.php\/wp-json\/wp\/v2\/media\/8772"}],"wp:attachment":[{"href":"http:\/\/pepitta.odnet.com.br\/index.php\/wp-json\/wp\/v2\/media?parent=8773"}],"curies":[{"name":"wp","href":"https:\/\/api.w.org\/{rel}","templated":true}]}}