{"id":8779,"date":"2020-10-07T12:11:47","date_gmt":"2020-10-07T12:11:47","guid":{"rendered":"http:\/\/pepitta.odnet.com.br\/index.php\/product\/pulseira-terapeutica-protecao\/"},"modified":"2020-10-07T12:11:47","modified_gmt":"2020-10-07T12:11:47","slug":"pulseira-terapeutica-protecao","status":"publish","type":"product","link":"http:\/\/pepitta.odnet.com.br\/index.php\/product\/pulseira-terapeutica-protecao\/","title":{"rendered":"Pulseira Terap\u00eautica &#8211; Prote\u00e7\u00e3o"},"content":{"rendered":"<p style=\"margin: 0cm;margin-bottom: .0001pt;text-align: justify;background: white;vertical-align: baseline\"><span style=\"color: #050505;font-family: 'Segoe UI Historic', 'Segoe UI', Helvetica, Arial, sans-serif;font-size: 15px;text-align: start\">Pulseiras Terap\u00eauticas Pepitta Store\u00a0<\/span><span class=\"pq6dq46d tbxw36s4 knj5qynh kvgmc6g5 ditlmg2l oygrvhab nvdbi5me sf5mxxl7 gl3lb2sf hhz5lgdu\" style=\"margin: 0px 1px;height: 16px;width: 16px;vertical-align: middle;font-family: 'Segoe UI Historic', 'Segoe UI', Helvetica, Arial, sans-serif;color: #050505;font-size: 15px;text-align: start\">&lt;img style=&quot;border: 0px;&quot; src=&quot;https:\/\/static.xx.fbcdn.net\/images\/emoji.php\/v9\/tfd\/1\/16\/1f64c.png&quot; alt=&quot;<\/p>\n","protected":false},"excerpt":{"rendered":"<p>Pulseiras Terap\u00eauticas Pepitta Store\u00a0&lt;img style=&quot;border: 0px;&quot; src=&quot;https:\/\/static.xx.fbcdn.net\/images\/emoji.php\/v9\/tfd\/1\/16\/1f64c.png&quot; alt=&quot;<\/p>\n","protected":false},"featured_media":8778,"comment_status":"open","ping_status":"closed","template":"","meta":[],"yoast_head":"<!-- This site is optimized with the Yoast SEO plugin v15.0 - https:\/\/yoast.com\/wordpress\/plugins\/seo\/ -->\n<title>Pulseira Terap\u00eautica - Prote\u00e7\u00e3o - Pepitta Store<\/title>\n<meta name=\"robots\" content=\"index, follow, max-snippet:-1, max-image-preview:large, max-video-preview:-1\" \/>\n<link rel=\"canonical\" href=\"http:\/\/pepitta.odnet.com.br\/index.php\/product\/pulseira-terapeutica-protecao\/\" \/>\n<meta property=\"og:locale\" content=\"pt_BR\" \/>\n<meta property=\"og:type\" content=\"article\" \/>\n<meta property=\"og:title\" content=\"Pulseira Terap\u00eautica - Prote\u00e7\u00e3o - Pepitta Store\" \/>\n<meta property=\"og:description\" content=\"Pulseiras Terap\u00eauticas Pepitta Store\u00a0&lt;img style=&quot;border: 0px;&quot; src=&quot;https:\/\/static.xx.fbcdn.net\/images\/emoji.php\/v9\/tfd\/1\/16\/1f64c.png&quot; alt=&quot;\" \/>\n<meta property=\"og:url\" content=\"http:\/\/pepitta.odnet.com.br\/index.php\/product\/pulseira-terapeutica-protecao\/\" \/>\n<meta property=\"og:site_name\" content=\"Pepitta Store\" \/>\n<meta name=\"twitter:card\" content=\"summary_large_image\" \/>\n<script type=\"application\/ld+json\" class=\"yoast-schema-graph\">{\"@context\":\"https:\/\/schema.org\",\"@graph\":[{\"@type\":\"WebSite\",\"@id\":\"http:\/\/pepitta.odnet.com.br\/#website\",\"url\":\"http:\/\/pepitta.odnet.com.br\/\",\"name\":\"Pepitta Store\",\"description\":\"O Poder das Pedras\",\"potentialAction\":[{\"@type\":\"SearchAction\",\"target\":\"http:\/\/pepitta.odnet.com.br\/?s={search_term_string}\",\"query-input\":\"required name=search_term_string\"}],\"inLanguage\":\"pt-BR\"},{\"@type\":\"ImageObject\",\"@id\":\"http:\/\/pepitta.odnet.com.br\/index.php\/product\/pulseira-terapeutica-protecao\/#primaryimage\",\"inLanguage\":\"pt-BR\",\"url\":\"http:\/\/pepitta.odnet.com.br\/wp-content\/uploads\/2020\/10\/12524ed006bdf46923c6ef6cfdce561d.jpg\",\"width\":940,\"height\":788},{\"@type\":\"WebPage\",\"@id\":\"http:\/\/pepitta.odnet.com.br\/index.php\/product\/pulseira-terapeutica-protecao\/#webpage\",\"url\":\"http:\/\/pepitta.odnet.com.br\/index.php\/product\/pulseira-terapeutica-protecao\/\",\"name\":\"Pulseira Terap\\u00eautica - Prote\\u00e7\\u00e3o - Pepitta Store\",\"isPartOf\":{\"@id\":\"http:\/\/pepitta.odnet.com.br\/#website\"},\"primaryImageOfPage\":{\"@id\":\"http:\/\/pepitta.odnet.com.br\/index.php\/product\/pulseira-terapeutica-protecao\/#primaryimage\"},\"datePublished\":\"2020-10-07T12:11:47+00:00\",\"dateModified\":\"2020-10-07T12:11:47+00:00\",\"inLanguage\":\"pt-BR\",\"potentialAction\":[{\"@type\":\"ReadAction\",\"target\":[\"http:\/\/pepitta.odnet.com.br\/index.php\/product\/pulseira-terapeutica-protecao\/\"]}]}]}<\/script>\n<!-- \/ Yoast SEO plugin. -->","_links":{"self":[{"href":"http:\/\/pepitta.odnet.com.br\/index.php\/wp-json\/wp\/v2\/product\/8779"}],"collection":[{"href":"http:\/\/pepitta.odnet.com.br\/index.php\/wp-json\/wp\/v2\/product"}],"about":[{"href":"http:\/\/pepitta.odnet.com.br\/index.php\/wp-json\/wp\/v2\/types\/product"}],"replies":[{"embeddable":true,"href":"http:\/\/pepitta.odnet.com.br\/index.php\/wp-json\/wp\/v2\/comments?post=8779"}],"wp:featuredmedia":[{"embeddable":true,"href":"http:\/\/pepitta.odnet.com.br\/index.php\/wp-json\/wp\/v2\/media\/8778"}],"wp:attachment":[{"href":"http:\/\/pepitta.odnet.com.br\/index.php\/wp-json\/wp\/v2\/media?parent=8779"}],"curies":[{"name":"wp","href":"https:\/\/api.w.org\/{rel}","templated":true}]}}