{"id":8783,"date":"2020-10-07T12:38:00","date_gmt":"2020-10-07T12:38:00","guid":{"rendered":"http:\/\/pepitta.odnet.com.br\/index.php\/product\/chapa-quartzo-branco-c-electroplated\/"},"modified":"2020-10-07T12:38:00","modified_gmt":"2020-10-07T12:38:00","slug":"chapa-quartzo-branco-c-electroplated","status":"publish","type":"product","link":"http:\/\/pepitta.odnet.com.br\/index.php\/product\/chapa-quartzo-branco-c-electroplated\/","title":{"rendered":"Chapa Quartzo Branco c\/ electroplated"},"content":{"rendered":"<p><span style=\"color: #050505;font-family: 'Segoe UI Historic', 'Segoe UI', Helvetica, Arial, sans-serif;font-size: 15px\">A decora\u00e7\u00e3o do seu banheiro pode ficar muito mais autentica com as chapas de pedras preciosas.<\/span><br style=\"color: #050505;font-family: 'Segoe UI Historic', 'Segoe UI', Helvetica, Arial, sans-serif;font-size: 15px\" \/><span style=\"color: #050505;font-family: 'Segoe UI Historic', 'Segoe UI', Helvetica, Arial, sans-serif;font-size: 15px\">Elas d\u00e3o um charme todo especial ao ambiente!<\/span><\/p>\n","protected":false},"excerpt":{"rendered":"<p>A decora\u00e7\u00e3o do seu banheiro pode ficar muito mais autentica com as chapas de pedras preciosas.Elas d\u00e3o um charme todo especial ao ambiente!<\/p>\n","protected":false},"featured_media":8782,"comment_status":"open","ping_status":"closed","template":"","meta":[],"yoast_head":"<!-- This site is optimized with the Yoast SEO plugin v15.0 - https:\/\/yoast.com\/wordpress\/plugins\/seo\/ -->\n<title>Chapa Quartzo Branco c\/ electroplated - Pepitta Store<\/title>\n<meta name=\"robots\" content=\"index, follow, max-snippet:-1, max-image-preview:large, max-video-preview:-1\" \/>\n<link rel=\"canonical\" href=\"http:\/\/pepitta.odnet.com.br\/index.php\/product\/chapa-quartzo-branco-c-electroplated\/\" \/>\n<meta property=\"og:locale\" content=\"pt_BR\" \/>\n<meta property=\"og:type\" content=\"article\" \/>\n<meta property=\"og:title\" content=\"Chapa Quartzo Branco c\/ electroplated - Pepitta Store\" \/>\n<meta property=\"og:description\" content=\"A decora\u00e7\u00e3o do seu banheiro pode ficar muito mais autentica com as chapas de pedras preciosas.Elas d\u00e3o um charme todo especial ao ambiente!\" \/>\n<meta property=\"og:url\" content=\"http:\/\/pepitta.odnet.com.br\/index.php\/product\/chapa-quartzo-branco-c-electroplated\/\" \/>\n<meta property=\"og:site_name\" content=\"Pepitta Store\" \/>\n<meta name=\"twitter:card\" content=\"summary_large_image\" \/>\n<script type=\"application\/ld+json\" class=\"yoast-schema-graph\">{\"@context\":\"https:\/\/schema.org\",\"@graph\":[{\"@type\":\"WebSite\",\"@id\":\"http:\/\/pepitta.odnet.com.br\/#website\",\"url\":\"http:\/\/pepitta.odnet.com.br\/\",\"name\":\"Pepitta Store\",\"description\":\"O Poder das Pedras\",\"potentialAction\":[{\"@type\":\"SearchAction\",\"target\":\"http:\/\/pepitta.odnet.com.br\/?s={search_term_string}\",\"query-input\":\"required name=search_term_string\"}],\"inLanguage\":\"pt-BR\"},{\"@type\":\"ImageObject\",\"@id\":\"http:\/\/pepitta.odnet.com.br\/index.php\/product\/chapa-quartzo-branco-c-electroplated\/#primaryimage\",\"inLanguage\":\"pt-BR\",\"url\":\"http:\/\/pepitta.odnet.com.br\/wp-content\/uploads\/2020\/10\/26735a98bf2fca36111b52396d4f9cbe.jpg\",\"width\":1200,\"height\":1600},{\"@type\":\"WebPage\",\"@id\":\"http:\/\/pepitta.odnet.com.br\/index.php\/product\/chapa-quartzo-branco-c-electroplated\/#webpage\",\"url\":\"http:\/\/pepitta.odnet.com.br\/index.php\/product\/chapa-quartzo-branco-c-electroplated\/\",\"name\":\"Chapa Quartzo Branco c\/ electroplated - Pepitta Store\",\"isPartOf\":{\"@id\":\"http:\/\/pepitta.odnet.com.br\/#website\"},\"primaryImageOfPage\":{\"@id\":\"http:\/\/pepitta.odnet.com.br\/index.php\/product\/chapa-quartzo-branco-c-electroplated\/#primaryimage\"},\"datePublished\":\"2020-10-07T12:38:00+00:00\",\"dateModified\":\"2020-10-07T12:38:00+00:00\",\"inLanguage\":\"pt-BR\",\"potentialAction\":[{\"@type\":\"ReadAction\",\"target\":[\"http:\/\/pepitta.odnet.com.br\/index.php\/product\/chapa-quartzo-branco-c-electroplated\/\"]}]}]}<\/script>\n<!-- \/ Yoast SEO plugin. -->","_links":{"self":[{"href":"http:\/\/pepitta.odnet.com.br\/index.php\/wp-json\/wp\/v2\/product\/8783"}],"collection":[{"href":"http:\/\/pepitta.odnet.com.br\/index.php\/wp-json\/wp\/v2\/product"}],"about":[{"href":"http:\/\/pepitta.odnet.com.br\/index.php\/wp-json\/wp\/v2\/types\/product"}],"replies":[{"embeddable":true,"href":"http:\/\/pepitta.odnet.com.br\/index.php\/wp-json\/wp\/v2\/comments?post=8783"}],"wp:featuredmedia":[{"embeddable":true,"href":"http:\/\/pepitta.odnet.com.br\/index.php\/wp-json\/wp\/v2\/media\/8782"}],"wp:attachment":[{"href":"http:\/\/pepitta.odnet.com.br\/index.php\/wp-json\/wp\/v2\/media?parent=8783"}],"curies":[{"name":"wp","href":"https:\/\/api.w.org\/{rel}","templated":true}]}}